{"id":87,"date":"2015-10-22T03:17:26","date_gmt":"2015-10-22T03:17:26","guid":{"rendered":"http:\/\/demo.thimpress.com\/eduma\/?page_id=87"},"modified":"2018-10-07T22:49:24","modified_gmt":"2018-10-07T20:49:24","slug":"contact","status":"publish","type":"page","link":"https:\/\/lovedogs.fr\/index.php\/contact\/","title":{"rendered":"Contact"},"content":{"rendered":"<div id=\"pl-87\"  class=\"panel-layout\" ><div id=\"pg-87-0\"  class=\"panel-grid panel-no-style\" ><div id=\"pgc-87-0-0\"  class=\"panel-grid-cell\" ><div id=\"panel-87-0-0-0\" class=\"so-panel widget widget_heading panel-first-child\" data-index=\"0\" ><div class=\"panel-widget-style panel-widget-style-for-87-0-0-0\" ><div class=\"thim-widget-heading template-base\"><div class=\"sc_heading  text-left\"><h3 style=\"text-transform: uppercase;\" class=\"title\">O\u00f9 nous trouver <\/h3><p class=\"sub-heading\" style=\"\">Vous \u00eates dans les parages ? Venez nous rencontrer ou contactez-nous par mail, t\u00e9l\u00e9phone ou via sur nos r\u00e9seaux sociaux !<\/p><span class=\"line\"><\/span><\/div><\/div><\/div><\/div><div id=\"panel-87-0-0-1\" class=\"so-panel widget widget_siteorigin-panels-builder\" data-index=\"1\" ><div class=\"thim-border-top panel-widget-style panel-widget-style-for-87-0-0-1\" ><div id=\"pl-w5bba6e1b5f20a\"  class=\"panel-layout\" ><div id=\"pg-w5bba6e1b5f20a-0\"  class=\"panel-grid panel-no-style\" ><div id=\"pgc-w5bba6e1b5f20a-0-0\"  class=\"panel-grid-cell\" ><div id=\"panel-w5bba6e1b5f20a-0-0-0\" class=\"so-panel widget widget_icon-box panel-first-child panel-last-child\" data-index=\"0\" ><div class=\"thim-widget-icon-box template-base\"><div class=\"wrapper-box-icon text-left contact_info\"  ><div class=\"smicon-box iconbox-left\"><div class=\"boxes-icon\" style=\"width: 30px;\"><span class=\"inner-icon\"><span class=\"icon\"><i class=\"fa fa-phone\" style=\"color:#74cfe6; font-size:24px; line-height:24px; vertical-align: middle;\"><\/i><\/span><\/span><\/div><div class=\"content-inner\"  style=\"width: calc( 100% - 30px - 15px);\"><div class=\"sc-heading article_heading\"><h3 class = \"heading__primary\" >T\u00e9l\u00e9phone<\/h3><\/div><div class=\"desc-icon-box\"><div class=\"desc-content\" >+33 (0)6 14 78 29 50<\/div><\/div><\/div><\/div><!--end smicon-box--><\/div><\/div><\/div><\/div><div id=\"pgc-w5bba6e1b5f20a-0-1\"  class=\"panel-grid-cell\" ><div id=\"panel-w5bba6e1b5f20a-0-1-0\" class=\"so-panel widget widget_icon-box panel-first-child panel-last-child\" data-index=\"1\" ><div class=\"thim-widget-icon-box template-base\"><div class=\"wrapper-box-icon text-left contact_info\"  ><div class=\"smicon-box iconbox-left\"><div class=\"boxes-icon\" style=\"width: 30px;\"><span class=\"inner-icon\"><span class=\"icon\"><i class=\"fa fa-envelope\" style=\"color:#74cfe6; font-size:24px; line-height:24px; vertical-align: middle;\"><\/i><\/span><\/span><\/div><div class=\"content-inner\"  style=\"width: calc( 100% - 30px - 15px);\"><div class=\"sc-heading article_heading\"><h3 class = \"heading__primary\" >Email<\/h3><\/div><div class=\"desc-icon-box\"><div class=\"desc-content\" ><a href=\"mailto:hello@lovedogs.fr\">hello@lovedogs.fr<\/a><\/div><\/div><\/div><\/div><!--end smicon-box--><\/div><\/div><\/div><\/div><\/div><\/div><\/div><\/div><div id=\"panel-87-0-0-2\" class=\"so-panel widget widget_icon-box panel-last-child\" data-index=\"2\" ><div class=\"thim-border-top panel-widget-style panel-widget-style-for-87-0-0-2\" ><div class=\"thim-widget-icon-box template-base\"><div class=\"wrapper-box-icon text-left contact_info\"  ><div class=\"smicon-box iconbox-left\"><div class=\"boxes-icon\" style=\"width: 30px;\"><span class=\"inner-icon\"><span class=\"icon\"><i class=\"fa fa-map-marker\" style=\"color:#74cfe6; font-size:24px; line-height:24px; vertical-align: middle;\"><\/i><\/span><\/span><\/div><div class=\"content-inner\"  style=\"width: calc( 100% - 30px - 15px);\"><div class=\"sc-heading article_heading\"><h3 class = \"heading__primary\" >Addresse<\/h3><\/div><div class=\"desc-icon-box\"><div class=\"desc-content\" >21 rue Edouard Bourdet\n66000 Perpignan<\/div><\/div><\/div><\/div><!--end smicon-box--><\/div><\/div><\/div><\/div><\/div><div id=\"pgc-87-0-1\"  class=\"panel-grid-cell\" ><div id=\"panel-87-0-1-0\" class=\"so-panel widget widget_empty-space panel-first-child\" data-index=\"3\" ><div class=\"thim-widget-empty-space template-base\"><div class=\"empty_space\" style=\"height:30px\"><\/div><\/div><\/div><div id=\"panel-87-0-1-1\" class=\"so-panel widget widget_google-map panel-last-child\" data-index=\"4\" ><div class=\"thim-widget-google-map template-google-map\"><div class=\"thim-map-iframe\" style =\"height: 480px\"><iframe frameborder=\"0\" scrolling=\"no\" marginheight=\"0\" marginwidth=\"0\" src=\"https:\/\/maps.google.com\/maps?q=&amp;t=m&amp;z=12&amp;output=embed&amp;iwloc=near\" title=\"\" aria-label=\"\"><\/iframe><\/div>\n<\/div><\/div><\/div><div id=\"pgc-87-0-2\"  class=\"panel-grid-cell\" ><div id=\"panel-87-0-2-0\" class=\"so-panel widget widget_heading panel-first-child\" data-index=\"5\" ><div class=\"panel-widget-style panel-widget-style-for-87-0-2-0\" ><div class=\"thim-widget-heading template-base\"><div class=\"sc_heading  text-left\"><h3 style=\"text-transform: uppercase;\" class=\"title\">Nous envoyer un message<\/h3><p class=\"sub-heading\" style=\"\">Vous avez une question ? Vous souhaitez r\u00e9server une s\u00e9ance ? C'est par ici ! Nous vous r\u00e9pondrons dans les plus brefs d\u00e9lais.<\/p><span class=\"line\"><\/span><\/div><\/div><\/div><\/div><div id=\"panel-87-0-2-1\" class=\"so-panel widget widget_text panel-last-child\" data-index=\"6\" >\t\t\t<div class=\"textwidget\"><div role=\"form\" class=\"wpcf7\" id=\"wpcf7-f4-o1\" lang=\"en-US\" dir=\"ltr\">\n<div class=\"screen-reader-response\"><p role=\"status\" aria-live=\"polite\" aria-atomic=\"true\"><\/p> <ul><\/ul><\/div>\n<form action=\"\/index.php\/wp-json\/wp\/v2\/pages\/87#wpcf7-f4-o1\" method=\"post\" class=\"wpcf7-form init\" novalidate=\"novalidate\" data-status=\"init\">\n<div style=\"display: none;\">\n<input type=\"hidden\" name=\"_wpcf7\" value=\"4\" \/>\n<input type=\"hidden\" name=\"_wpcf7_version\" value=\"5.5.6\" \/>\n<input type=\"hidden\" name=\"_wpcf7_locale\" value=\"en_US\" \/>\n<input type=\"hidden\" name=\"_wpcf7_unit_tag\" value=\"wpcf7-f4-o1\" \/>\n<input type=\"hidden\" name=\"_wpcf7_container_post\" value=\"0\" \/>\n<input type=\"hidden\" name=\"_wpcf7_posted_data_hash\" value=\"\" \/>\n<\/div>\n<p><span class=\"wpcf7-form-control-wrap your-name\"><input type=\"text\" name=\"your-name\" value=\"\" size=\"40\" class=\"wpcf7-form-control wpcf7-text wpcf7-validates-as-required\" aria-required=\"true\" aria-invalid=\"false\" placeholder=\"Votre nom et pr\u00e9nom*\" \/><\/span> <\/p>\n<p><span class=\"wpcf7-form-control-wrap your-email\"><input type=\"email\" name=\"your-email\" value=\"\" size=\"40\" class=\"wpcf7-form-control wpcf7-text wpcf7-email wpcf7-validates-as-required wpcf7-validates-as-email\" aria-required=\"true\" aria-invalid=\"false\" placeholder=\"Votre email *\" \/><\/span> <\/p>\n<p><span class=\"wpcf7-form-control-wrap your-subject\"><input type=\"text\" name=\"your-subject\" value=\"\" size=\"40\" class=\"wpcf7-form-control wpcf7-text wpcf7-validates-as-required\" aria-required=\"true\" aria-invalid=\"false\" placeholder=\"L&#039;objet de votre message*\" \/><\/span> <\/p>\n<p><span class=\"wpcf7-form-control-wrap your-message\"><textarea name=\"your-message\" cols=\"40\" rows=\"10\" class=\"wpcf7-form-control wpcf7-textarea wpcf7-validates-as-required\" aria-required=\"true\" aria-invalid=\"false\" placeholder=\"Votre message *\"><\/textarea><\/span> <\/p>\n<p><input type=\"submit\" value=\"ENVOYER\" class=\"wpcf7-form-control has-spinner wpcf7-submit\" \/><\/p>\n<p style=\"display: none !important;\"><label>&#916;<textarea name=\"_wpcf7_ak_hp_textarea\" cols=\"45\" rows=\"8\" maxlength=\"100\"><\/textarea><\/label><input type=\"hidden\" id=\"ak_js_1\" name=\"_wpcf7_ak_js\" value=\"95\"\/><script>document.getElementById( \"ak_js_1\" ).setAttribute( \"value\", ( new Date() ).getTime() );<\/script><\/p><div class=\"wpcf7-response-output\" aria-hidden=\"true\"><\/div><\/form><\/div><\/div>\n\t\t<\/div><\/div><\/div><div id=\"pg-87-1\"  class=\"panel-grid panel-has-style\" ><div class=\"thim-bg-overlay text-center siteorigin-panels-stretch panel-row-style panel-row-style-for-87-1\" data-stretch-type=\"full\" ><div id=\"pgc-87-1-0\"  class=\"panel-grid-cell\" ><div id=\"panel-87-1-0-0\" class=\"so-panel widget widget_heading panel-first-child\" data-index=\"7\" ><div class=\"panel-widget-style panel-widget-style-for-87-1-0-0\" ><div class=\"thim-widget-heading template-base\"><div class=\"sc_heading  text-center\"><h3 style=\"text-transform: uppercase;color:#ffffff;\" class=\"title\">SUIVEZ NOS AVENTURES SUR LES R\u00c9SEAUX SOCIAUX<\/h3><\/div><\/div><\/div><\/div><div id=\"panel-87-1-0-1\" class=\"so-panel widget widget_social panel-last-child\" data-index=\"8\" ><div class=\"thim-border-top panel-widget-style panel-widget-style-for-87-1-0-1\" ><div class=\"thim-widget-social template-base\"><div class=\"thim-social\">\n\t\t<ul class=\"social_link\">\n\t\t<li><a class=\"facebook hasTooltip\" href=\"https:\/\/www.facebook.com\/lovedogs.fr\/\" target=\"_blank\"><i class=\"fa fa-facebook\"><\/i>Facebook<\/a><\/li><li><a class=\"instagram hasTooltip\" href=\"https:\/\/www.instagram.com\/lovedogs.fr\/\" target=\"_blank\" ><i class=\"fa fa-instagram\"><\/i>Instagram<\/a><\/li>\t<\/ul>\n<\/div><\/div><\/div><\/div><\/div><\/div><\/div><div id=\"pg-87-2\"  class=\"panel-grid panel-has-style\" ><div class=\"siteorigin-panels-stretch panel-row-style panel-row-style-for-87-2\" data-stretch-type=\"full-stretched\" ><div id=\"pgc-87-2-0\"  class=\"panel-grid-cell\" ><div id=\"panel-87-2-0-0\" class=\"so-panel widget widget_google-map panel-first-child panel-last-child\" data-index=\"9\" ><div class=\"thim-widget-google-map template-google-map\"><div class=\"thim-map-iframe\" style =\"height: 450px\"><iframe frameborder=\"0\" scrolling=\"no\" marginheight=\"0\" marginwidth=\"0\" src=\"https:\/\/maps.google.com\/maps?q=21%20rue%20Edouard%20Bourdet%2066000%20Perpignan&amp;t=m&amp;z=12&amp;output=embed&amp;iwloc=near\" title=\"21 rue Edouard Bourdet 66000 Perpignan\" aria-label=\"21 rue Edouard Bourdet 66000 Perpignan\"><\/iframe><\/div>\n<\/div><\/div><\/div><\/div><\/div><\/div>","protected":false},"excerpt":{"rendered":"<p>O\u00f9 nous trouver Vous \u00eates dans les parages ? Venez nous rencontrer ou contactez-nous par mail, t\u00e9l\u00e9phone ou via sur nos r\u00e9seaux sociaux !T\u00e9l\u00e9phone+33 (0)6 14 78 29 50Emailhello@lovedogs.frAddresse21 rue Edouard Bourdet 66000 Perpignan Nous envoyer un messageVous avez une &hellip; <\/p>\n","protected":false},"author":1,"featured_media":0,"parent":0,"menu_order":0,"comment_status":"closed","ping_status":"closed","template":"","meta":{"_bbp_topic_count":0,"_bbp_reply_count":0,"_bbp_total_topic_count":0,"_bbp_total_reply_count":0,"_bbp_voice_count":0,"_bbp_anonymous_reply_count":0,"_bbp_topic_count_hidden":0,"_bbp_reply_count_hidden":0,"_bbp_forum_subforum_count":0,"pmpro_default_level":0,"footnotes":""},"_links":{"self":[{"href":"https:\/\/lovedogs.fr\/index.php\/wp-json\/wp\/v2\/pages\/87"}],"collection":[{"href":"https:\/\/lovedogs.fr\/index.php\/wp-json\/wp\/v2\/pages"}],"about":[{"href":"https:\/\/lovedogs.fr\/index.php\/wp-json\/wp\/v2\/types\/page"}],"author":[{"embeddable":true,"href":"https:\/\/lovedogs.fr\/index.php\/wp-json\/wp\/v2\/users\/1"}],"replies":[{"embeddable":true,"href":"https:\/\/lovedogs.fr\/index.php\/wp-json\/wp\/v2\/comments?post=87"}],"version-history":[{"count":21,"href":"https:\/\/lovedogs.fr\/index.php\/wp-json\/wp\/v2\/pages\/87\/revisions"}],"predecessor-version":[{"id":8370,"href":"https:\/\/lovedogs.fr\/index.php\/wp-json\/wp\/v2\/pages\/87\/revisions\/8370"}],"wp:attachment":[{"href":"https:\/\/lovedogs.fr\/index.php\/wp-json\/wp\/v2\/media?parent=87"}],"curies":[{"name":"wp","href":"https:\/\/api.w.org\/{rel}","templated":true}]}}