{"id":8503,"date":"2018-12-02T20:24:53","date_gmt":"2018-12-02T19:24:53","guid":{"rendered":"http:\/\/lovedogs.fr\/?page_id=8503"},"modified":"2018-12-02T20:25:17","modified_gmt":"2018-12-02T19:25:17","slug":"nos-formules-pour-les-particuliers","status":"publish","type":"page","link":"https:\/\/lovedogs.fr\/index.php\/nos-formules-pour-les-particuliers\/","title":{"rendered":"Nos Formules pour les particuliers"},"content":{"rendered":"<h2><strong><u>Notre accompagnement en 3 \u00e9tapes<\/u><\/strong><\/h2>\n<ul>\n<li><strong><em><u>Le bilan d&#8217;observation<\/u><\/em><\/strong><\/li>\n<\/ul>\n<p>La premi\u00e8re rencontre se d\u00e9roule au domicile du b\u00e9n\u00e9ficiaire (sans le chien) o\u00f9 \u00e0 travers un entretien, sera \u00e9tablie une anamn\u00e8se. Cette derni\u00e8re permet de recueillir des informations qui seront utiles pour les futures s\u00e9ances de m\u00e9diation canine. On y retrouve les coordonn\u00e9es, la pathologie et ses sympt\u00f4mes, les centres d\u2019int\u00e9r\u00eats, les objectifs attendus, etc.<\/p>\n<p>Il sera suivi de trois s\u00e9ances dites \u00ab\u00a0d\u2019observation\u00a0\u00bb, avec le chien m\u00e9diateur. Elles sont destin\u00e9es \u00e0 observer et d\u00e9finir les objectifs \u00e0 l\u2019aide d\u2019une grille d\u2019observation. A la suite de ces trois s\u00e9ances d\u2019observation, un premier bilan sur l\u2019\u00e9volution du patient, ses difficult\u00e9s, ses ressources sera \u00e9tabli. Les objectifs de travail seront valid\u00e9s avec le b\u00e9n\u00e9ficiaire et son repr\u00e9sentant l\u00e9gal, puis travaill\u00e9s lors des s\u00e9ances suivantes.<\/p>\n<ul>\n<li><strong><em><u>Des s\u00e9ances sur-mesure<\/u><\/em><\/strong><\/li>\n<\/ul>\n<p>Une s\u00e9ance dure entre 30 minutes et 1 heure, en fonction de la capacit\u00e9 d\u2019\u00e9coute et de concentration de la personne.<\/p>\n<p>Il sera propos\u00e9 des ateliers ludiques, \u00e9ducatifs, mais \u00e9galement des ateliers \u00e9motionnels, sensoriels, toujours en ad\u00e9quation avec les objectifs d\u00e9termin\u00e9s et avec la participation volontaire du b\u00e9n\u00e9ficiaire.<\/p>\n<p>Apr\u00e8s chaque session, un compte rendu de la s\u00e9ance pass\u00e9e sera fait, afin de noter les appr\u00e9ciations concernant le comportement du patient, \u00e0 l\u2019aide d\u2019une grille d\u2019\u00e9valuation.<\/p>\n<ul>\n<li><strong><em><u>Les bilans d\u2019\u00e9volution<\/u><\/em><\/strong><\/li>\n<\/ul>\n<p>Afin de faire un compte rendu des progr\u00e8s de la personne et d\u2019adapter si besoin les objectifs de travail, un entretien avec la famille et le b\u00e9n\u00e9ficiaire aura lieu tous les deux mois.<\/p>\n<h2><strong><u>Tarification pour les particuliers<\/u><\/strong><\/h2>\n<ul>\n<li><strong><em><u>Bilan\u00a0: 150 euros TTC<\/u><\/em><\/strong><\/li>\n<\/ul>\n<p>Pour cette formule, il sera propos\u00e9 un entretien de recueil d\u2019informations et de 3 s\u00e9ances dites \u00ab\u00a0d\u2019observation\u00a0\u00bb.<\/p>\n<ul>\n<li><strong><em><u>Une s\u00e9ance de m\u00e9diation canine\u00a0: 50 euros TTC<\/u><\/em><\/strong><\/li>\n<\/ul>\n<ul>\n<li><strong><em><u>Forfait 10 s\u00e9ances\u00a0: 450 euros TTC soit 45 euros TTC la s\u00e9ance<\/u><\/em><\/strong><\/li>\n<\/ul>\n<p>Cette formule comprend un entretien de recueil d\u2019informations, 3 s\u00e9ances d\u2019observation et 7 s\u00e9ances de m\u00e9diation canine.<\/p>\n<ul>\n<li><strong><em><u>Forfait annuel\u00a0: 1600 euros TTC soit 40 euros TTC la s\u00e9ance<\/u><\/em><\/strong><\/li>\n<\/ul>\n<p>Cette formule comprend un entretien de recueil d\u2019informations, 3 s\u00e9ances d\u2019observations et 1 s\u00e9ance de m\u00e9diation canine par semaine (hors vacances scolaires) pendant une ann\u00e9e (soit 36 s\u00e9ances).<\/p>\n<p>Des s\u00e9ances suppl\u00e9mentaires pourront \u00eatre fix\u00e9es sur les temps de vacances en fonction des disponibilit\u00e9s des diff\u00e9rents partis et au tarif d\u2019une m\u00e9diation canine seule.<\/p>\n<p>Possibilit\u00e9 de payer 160 euros TTC par mois sur 10 mois (hors juillet et ao\u00fbt).<\/p>\n<p><strong><em><u>Frais de d\u00e9placement<\/u><\/em><\/strong><\/p>\n<ul>\n<li>Moins de 30km de Perpignan\u00a0: gratuit<\/li>\n<li>Entre 31 km et 50 km de Perpignan\u00a0: 10 euros<\/li>\n<li>Plus de 50 km\u00a0: 0,40 euros \/km<\/li>\n<\/ul>\n","protected":false},"excerpt":{"rendered":"<p>Notre accompagnement en 3 \u00e9tapes Le bilan d&#8217;observation La premi\u00e8re rencontre se d\u00e9roule au domicile du b\u00e9n\u00e9ficiaire (sans le chien) o\u00f9 \u00e0 travers un entretien, sera \u00e9tablie une anamn\u00e8se. Cette derni\u00e8re permet de recueillir des informations qui seront utiles pour &hellip; <\/p>\n","protected":false},"author":1,"featured_media":0,"parent":0,"menu_order":0,"comment_status":"closed","ping_status":"closed","template":"","meta":{"_bbp_topic_count":0,"_bbp_reply_count":0,"_bbp_total_topic_count":0,"_bbp_total_reply_count":0,"_bbp_voice_count":0,"_bbp_anonymous_reply_count":0,"_bbp_topic_count_hidden":0,"_bbp_reply_count_hidden":0,"_bbp_forum_subforum_count":0,"pmpro_default_level":0,"footnotes":""},"_links":{"self":[{"href":"https:\/\/lovedogs.fr\/index.php\/wp-json\/wp\/v2\/pages\/8503"}],"collection":[{"href":"https:\/\/lovedogs.fr\/index.php\/wp-json\/wp\/v2\/pages"}],"about":[{"href":"https:\/\/lovedogs.fr\/index.php\/wp-json\/wp\/v2\/types\/page"}],"author":[{"embeddable":true,"href":"https:\/\/lovedogs.fr\/index.php\/wp-json\/wp\/v2\/users\/1"}],"replies":[{"embeddable":true,"href":"https:\/\/lovedogs.fr\/index.php\/wp-json\/wp\/v2\/comments?post=8503"}],"version-history":[{"count":2,"href":"https:\/\/lovedogs.fr\/index.php\/wp-json\/wp\/v2\/pages\/8503\/revisions"}],"predecessor-version":[{"id":8505,"href":"https:\/\/lovedogs.fr\/index.php\/wp-json\/wp\/v2\/pages\/8503\/revisions\/8505"}],"wp:attachment":[{"href":"https:\/\/lovedogs.fr\/index.php\/wp-json\/wp\/v2\/media?parent=8503"}],"curies":[{"name":"wp","href":"https:\/\/api.w.org\/{rel}","templated":true}]}}