{"id":8499,"date":"2018-12-02T20:15:57","date_gmt":"2018-12-02T19:15:57","guid":{"rendered":"http:\/\/lovedogs.fr\/?page_id=8499"},"modified":"2018-12-02T20:16:20","modified_gmt":"2018-12-02T19:16:20","slug":"nos-missions-valeurs","status":"publish","type":"page","link":"https:\/\/lovedogs.fr\/index.php\/nos-missions-valeurs\/","title":{"rendered":"Nos missions &#038; Valeurs"},"content":{"rendered":"<h2><u>Missions de Love Dogs<\/u><\/h2>\n<p>D\u00e9velopper, promouvoir, et offrir des programmes et services de m\u00e9diation qui utilisent le chien pour contribuer \u00e0 l\u2019am\u00e9lioration de la sant\u00e9 et de la qualit\u00e9 de vie des personnes.<\/p>\n<p>Proposer des s\u00e9ances de m\u00e9diation canine \u00e0 vis\u00e9e \u00e9ducative, afin de maintenir ou d\u00e9velopper le potentiel cognitif, physique, psychosocial ou affectif, vers un public pr\u00e9sentant diverses probl\u00e9matiques\u00a0:<\/p>\n<ul>\n<li>Perte d\u2019autonomie<\/li>\n<li>D\u00e9ficience intellectuelle<\/li>\n<li>Trouble du d\u00e9ficit de l\u2019attention<\/li>\n<li>Troubles comportementaux<\/li>\n<li>Difficult\u00e9s ou trouble des apprentissages<\/li>\n<\/ul>\n<p>Intervenir \u00e0 domicile mais aussi dans diff\u00e9rents \u00e9tablissements des Pyr\u00e9n\u00e9es Orientales, tels que\u00a0:<\/p>\n<ul>\n<li>Institut M\u00e9dico-Social<\/li>\n<li>H\u00f4pitaux de jour<\/li>\n<li>Foyer de vie ou d\u2019h\u00e9bergement<\/li>\n<li>FAM \/ MAS<\/li>\n<\/ul>\n<h2><u>Valeurs de Love Dogs<\/u><\/h2>\n<ul>\n<li><em><u>Respect des droits de la personne\u00a0:<\/u><\/em><\/li>\n<\/ul>\n<p>L\u2019intervenant en m\u00e9diation par l\u2019animal r\u00e9f\u00e8re son travail aux principes \u00e9dict\u00e9s par les l\u00e9gislations qui reposent sur le respect des droits fondamentaux des personnes, notamment sur leur dignit\u00e9, leur libert\u00e9 et leur protection. L\u2019intervenant professionnel n\u2019interviendra qu\u2019avec le consentement libre et \u00e9clair\u00e9 des personnes concern\u00e9es et de leurs repr\u00e9sentants l\u00e9gaux.<\/p>\n<p>Love Dogs pr\u00e9serve la vie priv\u00e9e de ses patients en garantissant le respect du secret professionnel. Love Dogs se refuse aussi toute discrimination et consid\u00e8re les personnes dans leur ensemble et leur particularit\u00e9.<\/p>\n<ul>\n<li><em><u>Accompagnement adapt\u00e9\u00a0:<\/u><\/em><\/li>\n<\/ul>\n<p>La personne est au centre du dispositif. Chaque patient est unique et m\u00e9rite qu\u2019on s\u2019attarde \u00e0 ses capacit\u00e9s, son potentiel et ses besoins particuliers. Il est donc important que les s\u00e9ances soient continuellement adapt\u00e9es \u00e0 sa r\u00e9alit\u00e9 et \u00e0 son \u00e9volution.<\/p>\n<p>Love Dogs vise la satisfaction de ses patients par une intervention de qualit\u00e9 et de bienveillance.<\/p>\n<ul>\n<li><em><u>Respect des droits des animaux\u00a0:<\/u><\/em><\/li>\n<\/ul>\n<p>L\u2019intervenant r\u00e9f\u00e8re son travail avec les animaux m\u00e9diateurs aux principes \u00e9dict\u00e9s par la D\u00e9claration Universelle des droits de l\u2019Animal (cf. annexe 2)\u00a0: Toute vie animale a droit au respect. Aucun animal ne doit \u00eatre soumis \u00e0 de mauvais traitements ou \u00e0 des actes de cruaut\u00e9s. L\u2019animal, avec lequel l\u2019intervenant en m\u00e9diation animale travaille sous sa responsabilit\u00e9, a droit \u00e0 un entretien et \u00e0 des soins attentifs.<\/p>\n<p>L\u2019intervenant professionnel de Love Dogs, n\u2019interviendra qu\u2019avec un animal ayant re\u00e7u une \u00e9ducation sp\u00e9cifique qui lui permettra d\u2019\u00eatre \u00ab\u00a0Animal M\u00e9diateur\u00a0\u00bb. L\u2019intervenant professionnel ne doit travailler qu\u2019avec un animal en bonne sant\u00e9 et, est le seul responsable envers son animal. L\u2019animal m\u00e9diateur ne doit repr\u00e9senter en aucun cas un danger envers le b\u00e9n\u00e9ficiaire de la m\u00e9diation animale et vice versa.<\/p>\n<ul>\n<li><em><u>Collaboration professionnelle\u00a0:<\/u><\/em><\/li>\n<\/ul>\n<p>La seule contribution de l\u2019intervenant professionnel en m\u00e9diation animale, ne saurait suffire pour atteindre les objectifs \u00e9tablis. La solidarit\u00e9, l\u2019entraide et l\u2019ouverture \u00e0 l\u2019autre, sont pour Love Dogs, autant de facteurs qui d\u00e9cuplent l\u2019impact positif des intervenants sur la sant\u00e9 et le bien-\u00eatre des personnes prises en charge.<\/p>\n<p>Pour Love Dogs, les intervenants professionnels ont le devoir d\u2019\u00eatre un bon partenaire et de collaborer \u00e9troitement avec les milieux qui les accueillent, avec leur personnel et avec tous ceux qui partagent nos aspirations. Love Dogs s\u2019emploie \u00e0 nourrir cet esprit de collaboration de fa\u00e7on r\u00e9guli\u00e8re et continue.<\/p>\n","protected":false},"excerpt":{"rendered":"<p>Missions de Love Dogs D\u00e9velopper, promouvoir, et offrir des programmes et services de m\u00e9diation qui utilisent le chien pour contribuer \u00e0 l\u2019am\u00e9lioration de la sant\u00e9 et de la qualit\u00e9 de vie des personnes. Proposer des s\u00e9ances de m\u00e9diation canine \u00e0 &hellip; <\/p>\n","protected":false},"author":1,"featured_media":0,"parent":0,"menu_order":0,"comment_status":"closed","ping_status":"closed","template":"","meta":{"_bbp_topic_count":0,"_bbp_reply_count":0,"_bbp_total_topic_count":0,"_bbp_total_reply_count":0,"_bbp_voice_count":0,"_bbp_anonymous_reply_count":0,"_bbp_topic_count_hidden":0,"_bbp_reply_count_hidden":0,"_bbp_forum_subforum_count":0,"pmpro_default_level":0,"footnotes":""},"_links":{"self":[{"href":"https:\/\/lovedogs.fr\/index.php\/wp-json\/wp\/v2\/pages\/8499"}],"collection":[{"href":"https:\/\/lovedogs.fr\/index.php\/wp-json\/wp\/v2\/pages"}],"about":[{"href":"https:\/\/lovedogs.fr\/index.php\/wp-json\/wp\/v2\/types\/page"}],"author":[{"embeddable":true,"href":"https:\/\/lovedogs.fr\/index.php\/wp-json\/wp\/v2\/users\/1"}],"replies":[{"embeddable":true,"href":"https:\/\/lovedogs.fr\/index.php\/wp-json\/wp\/v2\/comments?post=8499"}],"version-history":[{"count":1,"href":"https:\/\/lovedogs.fr\/index.php\/wp-json\/wp\/v2\/pages\/8499\/revisions"}],"predecessor-version":[{"id":8500,"href":"https:\/\/lovedogs.fr\/index.php\/wp-json\/wp\/v2\/pages\/8499\/revisions\/8500"}],"wp:attachment":[{"href":"https:\/\/lovedogs.fr\/index.php\/wp-json\/wp\/v2\/media?parent=8499"}],"curies":[{"name":"wp","href":"https:\/\/api.w.org\/{rel}","templated":true}]}}