{"id":8497,"date":"2018-12-02T20:13:40","date_gmt":"2018-12-02T19:13:40","guid":{"rendered":"http:\/\/lovedogs.fr\/?page_id=8497"},"modified":"2018-12-02T20:18:17","modified_gmt":"2018-12-02T19:18:17","slug":"et-la-zoo-animation","status":"publish","type":"page","link":"https:\/\/lovedogs.fr\/index.php\/et-la-zoo-animation\/","title":{"rendered":"Et la zoo-animation ?"},"content":{"rendered":"<p>Contrairement \u00e0 la zooth\u00e9rapie, la zoo-animation a plut\u00f4t comme objectif de motiver, d\u2019amuser des personnes. Elle n\u2019a pas d\u2019objectifs th\u00e9rapeutiques m\u00eame si elle est b\u00e9n\u00e9fique pour la sant\u00e9. Les diff\u00e9rences sont importantes et doivent \u00eatre prises en consid\u00e9ration comme le sch\u00e9matise le tableau suivant\u00a0:<\/p>\n<table width=\"604\">\n<tbody>\n<tr>\n<td width=\"293\"><strong>Zooth\u00e9rapie<\/strong><\/td>\n<td width=\"312\"><strong>Zoo-animation<\/strong><\/td>\n<\/tr>\n<tr>\n<td width=\"293\">Chien m\u00e9diateur<\/td>\n<td width=\"312\">Chien visiteur<\/td>\n<\/tr>\n<tr>\n<td width=\"293\">&#8211;\u00a0\u00a0\u00a0\u00a0\u00a0\u00a0\u00a0 Exerc\u00e9e par une personne qui a suivi une formation professionnelle<\/p>\n<p>&nbsp;<\/p>\n<p>&#8211;\u00a0\u00a0\u00a0\u00a0\u00a0\u00a0\u00a0 Collabore avec l\u2019\u00e9quipe traitante du patient<\/p>\n<p>&nbsp;<\/p>\n<p>&#8211;\u00a0\u00a0\u00a0\u00a0\u00a0\u00a0\u00a0 Mise en \u0153uvre de programmes sp\u00e9cialis\u00e9s pour les objectifs \u00e0 atteindre<\/p>\n<p>&nbsp;<\/p>\n<p>&#8211;\u00a0\u00a0\u00a0\u00a0\u00a0\u00a0\u00a0 Interventions individuelles ou en petit groupe (3 participants maximum)<\/p>\n<p>&nbsp;<\/p>\n<p>&#8211;\u00a0\u00a0\u00a0\u00a0\u00a0\u00a0\u00a0 Suivi du patient<\/p>\n<p>&nbsp;<\/p>\n<p>&#8211;\u00a0\u00a0\u00a0\u00a0\u00a0\u00a0\u00a0 R\u00e9daction de rapport (\u00e9valuation)<\/p>\n<p>&nbsp;<\/p>\n<p>&#8211;\u00a0\u00a0\u00a0\u00a0\u00a0\u00a0\u00a0 Choix de l\u2019animal en fonction de la probl\u00e9matique<\/p>\n<p>&nbsp;<\/td>\n<td width=\"312\">&#8211;\u00a0\u00a0\u00a0\u00a0\u00a0\u00a0\u00a0 Aucune formation requise<\/p>\n<p>&nbsp;<\/p>\n<p>&nbsp;<\/p>\n<p>&nbsp;<\/p>\n<p>&#8211;\u00a0\u00a0\u00a0\u00a0\u00a0\u00a0\u00a0 Fait partie d\u2019une \u00e9quipe de b\u00e9n\u00e9voles<\/p>\n<p>&nbsp;<\/p>\n<p>&#8211;\u00a0\u00a0\u00a0\u00a0\u00a0\u00a0\u00a0 Activit\u00e9s essentiellement de jeux pour divertir les usagers<\/p>\n<p>&nbsp;<\/p>\n<p>&nbsp;<\/p>\n<p>&#8211;\u00a0\u00a0\u00a0\u00a0\u00a0\u00a0\u00a0 Activit\u00e9s de groupe (8-15 personnes)<\/p>\n<p>&nbsp;<\/p>\n<p>&nbsp;<\/p>\n<p>&#8211;\u00a0\u00a0\u00a0\u00a0\u00a0\u00a0\u00a0 Suivi facultatif<\/p>\n<p>&nbsp;<\/p>\n<p>&#8211;\u00a0\u00a0\u00a0\u00a0\u00a0\u00a0\u00a0 Aucun rapport<\/p>\n<p>&nbsp;<\/p>\n<p>&nbsp;<\/p>\n<p>&#8211;\u00a0\u00a0\u00a0\u00a0\u00a0\u00a0\u00a0 Souvent le m\u00eame animal<\/td>\n<\/tr>\n<\/tbody>\n<\/table>\n<p>Pour r\u00e9sumer, la zooth\u00e9rapie est pratiqu\u00e9e par une personne ayant per\u00e7u une formation ad\u00e9quate et ayant donc des bases reconnues et s\u00e9rieuses en termes de connaissances des pathologies des personnes aupr\u00e8s desquelles elle travaille.<\/p>\n<p>L\u2019animal m\u00e9diateur a \u00e9t\u00e9 consciencieusement s\u00e9lectionn\u00e9 et a re\u00e7u une \u00e9ducation sp\u00e9cifique.<\/p>\n<p>A ne pas confondre avec les activit\u00e9s de zoo-animation qui consistent en des activit\u00e9s de groupe dont l\u2019objectif de ces rencontres est de procurer du bien-\u00eatre (divertissement, d\u00e9tente). L\u2019accompagnement est de courte dur\u00e9e et l\u2019\u00e9change entre l\u2019animateur, la personne et l\u2019animal est limit\u00e9.<\/p>\n","protected":false},"excerpt":{"rendered":"<p>Contrairement \u00e0 la zooth\u00e9rapie, la zoo-animation a plut\u00f4t comme objectif de motiver, d\u2019amuser des personnes. Elle n\u2019a pas d\u2019objectifs th\u00e9rapeutiques m\u00eame si elle est b\u00e9n\u00e9fique pour la sant\u00e9. Les diff\u00e9rences sont importantes et doivent \u00eatre prises en consid\u00e9ration comme le &hellip; <\/p>\n","protected":false},"author":1,"featured_media":0,"parent":0,"menu_order":0,"comment_status":"closed","ping_status":"closed","template":"","meta":{"_bbp_topic_count":0,"_bbp_reply_count":0,"_bbp_total_topic_count":0,"_bbp_total_reply_count":0,"_bbp_voice_count":0,"_bbp_anonymous_reply_count":0,"_bbp_topic_count_hidden":0,"_bbp_reply_count_hidden":0,"_bbp_forum_subforum_count":0,"pmpro_default_level":0,"footnotes":""},"_links":{"self":[{"href":"https:\/\/lovedogs.fr\/index.php\/wp-json\/wp\/v2\/pages\/8497"}],"collection":[{"href":"https:\/\/lovedogs.fr\/index.php\/wp-json\/wp\/v2\/pages"}],"about":[{"href":"https:\/\/lovedogs.fr\/index.php\/wp-json\/wp\/v2\/types\/page"}],"author":[{"embeddable":true,"href":"https:\/\/lovedogs.fr\/index.php\/wp-json\/wp\/v2\/users\/1"}],"replies":[{"embeddable":true,"href":"https:\/\/lovedogs.fr\/index.php\/wp-json\/wp\/v2\/comments?post=8497"}],"version-history":[{"count":3,"href":"https:\/\/lovedogs.fr\/index.php\/wp-json\/wp\/v2\/pages\/8497\/revisions"}],"predecessor-version":[{"id":8502,"href":"https:\/\/lovedogs.fr\/index.php\/wp-json\/wp\/v2\/pages\/8497\/revisions\/8502"}],"wp:attachment":[{"href":"https:\/\/lovedogs.fr\/index.php\/wp-json\/wp\/v2\/media?parent=8497"}],"curies":[{"name":"wp","href":"https:\/\/api.w.org\/{rel}","templated":true}]}}