{"id":8494,"date":"2018-12-02T20:12:35","date_gmt":"2018-12-02T19:12:35","guid":{"rendered":"http:\/\/lovedogs.fr\/?page_id=8494"},"modified":"2018-12-02T20:12:35","modified_gmt":"2018-12-02T19:12:35","slug":"les-origines-de-la-zootherapie","status":"publish","type":"page","link":"https:\/\/lovedogs.fr\/index.php\/les-origines-de-la-zootherapie\/","title":{"rendered":"Les origines de la zooth\u00e9rapie"},"content":{"rendered":"<p><strong>Si l\u2019on remonte le temps, on peut retrouver les pr\u00e9mices de cette utilisation de l\u2019animal, comme m\u00e9diation th\u00e9rapeutique, en Belgique, o\u00f9 l\u2019on confiait alors \u00e0 certains malades en convalescence des oiseaux, \u00e0 entretenir, au sein des \u00e9tablissements de sant\u00e9.<\/strong><\/p>\n<p>En 1792, en Angleterre, William Tuke fonde le York Retreat, institution pour malades mentaux, en opposition aux asiles \u00ab\u00a0traditionnels\u00a0\u00bb qui traitent les patients de mani\u00e8re, que l\u2019on qualifie aujourd\u2019hui, de cruelle (encha\u00een\u00e9s, enferm\u00e9s, battus, etc.). C\u2019est l\u00e0 qu\u2019a \u00e9t\u00e9 \u00e9tabli ce que l\u2019on consid\u00e8re comme la premi\u00e8re pratique th\u00e9rapeutique utilisant les animaux. Les patients \u00e9taient alors amen\u00e9s \u00e0 prendre soin des animaux int\u00e9gr\u00e9s dans l\u2019\u00e9tablissement (volailles, lapins notamment). William Tuke notait alors que cela redonnait confiance aux patients et les encourageait \u00e0 des attitudes plus contr\u00f4l\u00e9es.<\/p>\n<p>Une exp\u00e9rience similaire a \u00e9t\u00e9 r\u00e9alis\u00e9e en Allemagne en 1867, \u00e0 l\u2019Institut Bethel, accueillant d\u2019abord des patients \u00e9pileptiques, puis de nombreuses autres pathologies psychiques et mentales. Les programmes courants comprenaient des activit\u00e9s en centre \u00e9questre, aupr\u00e8s de chevaux, mais \u00e9galement avec des chiens, des chats, des oiseaux. Cet \u00e9tablissement existe toujours \u00e0 l\u2019heure actuelle.<\/p>\n<p>De nombreux autres exemples de ce type peuvent \u00eatre \u00e9voqu\u00e9s, notamment durant les p\u00e9riodes de guerre, et ce, dans le monde entier. Au sein des \u00e9tablissements de convalescence pour bless\u00e9s de guerre, l\u2019on trouvait tr\u00e8s souvent des animaux, de la simple voli\u00e8re jusqu\u2019\u00e0 la ferme enti\u00e8rement int\u00e9gr\u00e9e \u00e0 l\u2019hospice, dont les patients s\u2019occupaient quotidiennement. La pr\u00e9sence des animaux semblait favoriser leur gu\u00e9rison, et les aidait \u00e0 mieux accepter leur handicap soudain. On retrouve cette pr\u00e9sence animale, en centre de convalescence, lors de la guerre de Crim\u00e9e (1853-1856) qui oppose la France et le Royaume-Uni \u00e0 la Russie, ainsi que durant la premi\u00e8re et seconde guerre mondiale (1914-1918 et 1939-1945).<\/p>\n<p>Mais le v\u00e9ritable p\u00e8re fondateur de la zooth\u00e9rapie reste certainement Boris Levinson, psychologue pour enfants, et professeur en psychiatrie. A la fin des ann\u00e9es 50, \u00e0 New York, il re\u00e7oit en consultation un jeune enfant autiste, accompagn\u00e9 de ses parents, qui d\u00e9sarm\u00e9s suite \u00e0 un premier avis m\u00e9dical, \u00e0 la veille d\u2019une institutionnalisation pour leur fils, d\u00e9cident de demander un second avis. Ce jour l\u00e0, le chien de Boris Levinson est pr\u00e9sent, ce qui n\u2019est pas habituel, et \u00e0 la grande surprise de tous, ils assist\u00e8rent \u00e0 une sc\u00e8ne incroyable\u00a0: le chien s\u2019approche de l\u2019enfant, qui se met alors \u00e0 le caresser en souriant. A la fin de la consultation, l\u2019enfant demande \u00e0 ses parents quand il pourrait revoir le chien. Boris Levinson d\u00e9cida d\u00e8s lors de renouveler l\u2019exp\u00e9rience, et constata par la suite une nette am\u00e9lioration de son comportement et de ses troubles autistiques. C\u2019est ainsi qu\u2019une nouvelle d\u00e9marche \u00e9tait n\u00e9e, et que les mots furent pos\u00e9s\u00a0: Psychoth\u00e9rapie Infantile Assist\u00e9e par l\u2019Animal.<\/p>\n<p>En France, \u00e0 la fin des ann\u00e9es 70, le Docteur V\u00e9t\u00e9rinaire Ange Condoret entreprend \u00e0 son tour des exp\u00e9riences aupr\u00e8s d\u2019enfants ayant des troubles du langage, et via la m\u00e9diation animale, constate, tout comme Boris Levinson, les m\u00eames effets positifs de cette m\u00e9diation. Malheureusement, les recherches de Condoret n\u2019ont pas eu l\u2019\u00e9cho favorable escompt\u00e9 dans les milieux m\u00e9dico-psycho-p\u00e9dagogiques fran\u00e7ais. Son projet de cr\u00e9ation d\u2019un centre infantile d\u2019\u00e9veil aux communications humaines par l\u2019animal n\u2019aboutit pas. C\u2019est aux Etats-Unis que ses travaux sur les relations Homme\/animal sont les plus connus et reconnus.<\/p>\n","protected":false},"excerpt":{"rendered":"<p>Si l\u2019on remonte le temps, on peut retrouver les pr\u00e9mices de cette utilisation de l\u2019animal, comme m\u00e9diation th\u00e9rapeutique, en Belgique, o\u00f9 l\u2019on confiait alors \u00e0 certains malades en convalescence des oiseaux, \u00e0 entretenir, au sein des \u00e9tablissements de sant\u00e9. En &hellip; <\/p>\n","protected":false},"author":1,"featured_media":0,"parent":0,"menu_order":0,"comment_status":"closed","ping_status":"closed","template":"","meta":{"_bbp_topic_count":0,"_bbp_reply_count":0,"_bbp_total_topic_count":0,"_bbp_total_reply_count":0,"_bbp_voice_count":0,"_bbp_anonymous_reply_count":0,"_bbp_topic_count_hidden":0,"_bbp_reply_count_hidden":0,"_bbp_forum_subforum_count":0,"pmpro_default_level":0,"footnotes":""},"_links":{"self":[{"href":"https:\/\/lovedogs.fr\/index.php\/wp-json\/wp\/v2\/pages\/8494"}],"collection":[{"href":"https:\/\/lovedogs.fr\/index.php\/wp-json\/wp\/v2\/pages"}],"about":[{"href":"https:\/\/lovedogs.fr\/index.php\/wp-json\/wp\/v2\/types\/page"}],"author":[{"embeddable":true,"href":"https:\/\/lovedogs.fr\/index.php\/wp-json\/wp\/v2\/users\/1"}],"replies":[{"embeddable":true,"href":"https:\/\/lovedogs.fr\/index.php\/wp-json\/wp\/v2\/comments?post=8494"}],"version-history":[{"count":1,"href":"https:\/\/lovedogs.fr\/index.php\/wp-json\/wp\/v2\/pages\/8494\/revisions"}],"predecessor-version":[{"id":8495,"href":"https:\/\/lovedogs.fr\/index.php\/wp-json\/wp\/v2\/pages\/8494\/revisions\/8495"}],"wp:attachment":[{"href":"https:\/\/lovedogs.fr\/index.php\/wp-json\/wp\/v2\/media?parent=8494"}],"curies":[{"name":"wp","href":"https:\/\/api.w.org\/{rel}","templated":true}]}}