{"id":8329,"date":"2018-10-07T21:42:35","date_gmt":"2018-10-07T19:42:35","guid":{"rendered":"http:\/\/lovedogs.fr\/?page_id=8329"},"modified":"2018-12-02T20:02:24","modified_gmt":"2018-12-02T19:02:24","slug":"atelier-communication","status":"publish","type":"page","link":"https:\/\/lovedogs.fr\/index.php\/atelier-communication\/","title":{"rendered":"Atelier Communication"},"content":{"rendered":"<p>[vc_row][vc_column][vc_column_text]<strong>A travers les ateliers de communication, le chien am\u00e8ne la personne \u00e0 se confier, \u00e0 discuter, \u00e0 \u00eatre curieuse et \u00e0 chercher la communication qu\u2019elle soit verbale ou non.<\/strong><\/p>\n<h2><u>L&#8217;\u00e9change<\/u><\/h2>\n<p>Il est plus facile par le biais du chien m\u00e9diateur, d\u2019induire et d\u2019entretenir une forme de communication, particuli\u00e8rement gr\u00e2ce \u00e0 la diversit\u00e9 des communications possibles avec l\u2019animal. Mais au-del\u00e0, il peut \u00eatre un lien vers une communication avec les autres personnes, tel un facilitateur social et relationnel.<\/p>\n<p>En m\u00e9diation animale, on peut travailler sur la communication de la personne \u00e0 trois niveaux\u00a0:<\/p>\n<ul>\n<li>Une communication, qu\u2019elle soit tactile, visuelle, gestuelle ou verbale, s\u2019engage avec le chien d\u00e8s son arriv\u00e9e. Il est souvent plus facile de soutenir le regard de l\u2019animal que d\u2019un \u00eatre humain, aucun jugement n\u2019est \u00e0 craindre de sa part. La personne peut vivre ainsi un moment privil\u00e9gi\u00e9 avec l\u2019animal, reposant et riche d\u2019\u00e9motions pour elle, qu\u2019il est bon de respecter et de ne pas interrompre.<\/li>\n<li>En s\u00e9ance individuelle, le chien sert de catalyseur de communication. Le patient se confie plus qu\u2019il ne le ferait d\u2019ordinaire. Il peut m\u00eame narrer des \u00e9v\u00e9nements qu\u2019il n\u2019a jamais confi\u00e9s auparavant.<\/li>\n<li>Lors d\u2019une s\u00e9ance en groupe, le chien stimule la communication collective. Il entra\u00eene in\u00e9vitablement un sujet de discussion, qu\u2019il soit initi\u00e9 ou non par l\u2019intervenant.<\/li>\n<\/ul>\n<h2><u>La phasie<\/u><\/h2>\n<p>C\u2019est la capacit\u00e9 de s\u2019exprimer, de comprendre le langage qu\u2019il soit parl\u00e9 ou \u00e9crit. L\u2019aphasie est la perte partielle ou totale de cette facult\u00e9, malgr\u00e9 l\u2019int\u00e9grit\u00e9 anatomique et fonctionnelle des organes de la phonation (langue, larynx), et ind\u00e9pendamment de toute atteinte neurologique d\u2019origine sensorielle (sans difficult\u00e9s d\u2019audition ou de vue).<\/p>\n<p>Le chien par sa communication non verbale et l\u2019affectivit\u00e9 qu\u2019il d\u00e9clenche, va permettre de d\u00e9velopper les capacit\u00e9s n\u00e9cessaires \u00e0 la communication. Plusieurs supports (memory, jeux des diff\u00e9rences, pictogrammes, etc.) vont aider l\u2019enfant \u00e0 s\u2019exprimer.<\/p>\n<h2><u>Le ressenti et l\u2019expression d\u2019\u00e9motions<\/u><\/h2>\n<p>Les \u00e9motions sont des r\u00e9actions affectives transitoires de grande intensit\u00e9, le plus souvent provoqu\u00e9 par une stimulation venant de l\u2019environnement. Il peut s\u2019agir de la peur, la surprise, la joie, la tristesse, la col\u00e8re, le d\u00e9go\u00fbt\u2026<\/p>\n<p>Le simple fait d\u2019\u00eatre en pr\u00e9sence du chien, et au-del\u00e0 de partager des activit\u00e9s \u00e0 ses c\u00f4t\u00e9s, permet de s\u2019ouvrir au monde ext\u00e9rieur et de l\u00e0, aux autres individus\u00a0; d\u2019\u00e9changer, que ce soit avec l\u2019animal ou les autres personnes pr\u00e9sentes\u00a0; de retrouver une paix int\u00e9rieure en \u00e9vacuant ou d\u00e9passant ses conflits et en allant par-del\u00e0 ses propres limites.<\/p>\n<p>Ces diff\u00e9rents \u00e9l\u00e9ments induisent des sentiments, des \u00e9motions, plus ou moins complexes, que nous pouvons assez facilement observer. Des regards charg\u00e9s de tendresse, des sourires, des rires retrouv\u00e9s, mais aussi dans l\u2019attitude, les expressions du visage\u2026 sont autant d\u2019indices qui permettent d\u2019affirmer qu\u2019une personne a ressenti des \u00e9motions au contact de l\u2019animal.<\/p>\n<p>Il est pr\u00e9f\u00e9rable que cela soit des \u00e9motions positives afin de ne pas provoquer de malaise chez la personne, ni de refus et de ne pas aggraver sa situation. M\u00eame si d\u2019un autre c\u00f4t\u00e9, on peut se demander si des \u00e9motions n\u00e9gatives, chez quelqu\u2019un qui ne ressent plus d\u2019\u00e9motions, qui est d\u00e9connect\u00e9 de son environnement, ne seraient pas un premier outil pour le faire sortir de son repli. Ressentir des \u00e9motions, quelles qu\u2019elles soient, c\u2019est \u00eatre vivant.<\/p>\n<table width=\"604\">\n<tbody>\n<tr>\n<td width=\"245\"><strong>\u00a0Objectifs de communication<\/strong><\/td>\n<td width=\"359\"><strong>Exemples d\u2019ateliers propos\u00e9s<\/strong><\/td>\n<\/tr>\n<tr>\n<td width=\"245\"><strong>Echange\u00a0<\/strong><\/td>\n<td width=\"359\">&#8211;\u00a0\u00a0\u00a0\u00a0\u00a0\u00a0\u00a0 Raconter une histoire au chien<br \/>\n&#8211;\u00a0\u00a0\u00a0\u00a0\u00a0\u00a0\u00a0 Jeu des 7 familles animales<br \/>\n&#8211;\u00a0\u00a0\u00a0\u00a0\u00a0\u00a0\u00a0 Jeu des diff\u00e9rences<\/td>\n<\/tr>\n<tr>\n<td width=\"245\"><strong>Ressenti et expression d\u2019\u00e9motion<\/strong><\/td>\n<td width=\"359\">&#8211;\u00a0\u00a0\u00a0\u00a0\u00a0\u00a0\u00a0 Expliquer son humeur du jour au chien<br \/>\n&#8211;\u00a0\u00a0\u00a0\u00a0\u00a0\u00a0\u00a0 Cartes des \u00e9motions<\/td>\n<\/tr>\n<tr>\n<td width=\"245\"><strong>Phasie<\/strong><\/td>\n<td width=\"359\">&#8211;\u00a0\u00a0\u00a0\u00a0\u00a0\u00a0\u00a0 Puzzle<br \/>\n&#8211;\u00a0 \u00a0 \u00a0 \u00a0 Memory<\/td>\n<\/tr>\n<\/tbody>\n<\/table>\n<p>[\/vc_column_text][\/vc_column][\/vc_row][vc_row][vc_column][vc_gallery type=&#8221;image_grid&#8221; images=&#8221;8487,8488,8486&#8243; img_size=&#8221;medium&#8221; onclick=&#8221;&#8221; css_animation=&#8221;bounceInRight&#8221;][\/vc_column][\/vc_row]<\/p>\n","protected":false},"excerpt":{"rendered":"<p>[vc_row][vc_column][vc_column_text]A travers les ateliers de communication, le chien am\u00e8ne la personne \u00e0 se confier, \u00e0 discuter, \u00e0 \u00eatre curieuse et \u00e0 chercher la communication qu\u2019elle soit verbale ou non. L&#8217;\u00e9change Il est plus facile par le biais du chien m\u00e9diateur, &hellip; <\/p>\n","protected":false},"author":1,"featured_media":0,"parent":0,"menu_order":0,"comment_status":"closed","ping_status":"closed","template":"","meta":{"_bbp_topic_count":0,"_bbp_reply_count":0,"_bbp_total_topic_count":0,"_bbp_total_reply_count":0,"_bbp_voice_count":0,"_bbp_anonymous_reply_count":0,"_bbp_topic_count_hidden":0,"_bbp_reply_count_hidden":0,"_bbp_forum_subforum_count":0,"pmpro_default_level":0,"footnotes":""},"_links":{"self":[{"href":"https:\/\/lovedogs.fr\/index.php\/wp-json\/wp\/v2\/pages\/8329"}],"collection":[{"href":"https:\/\/lovedogs.fr\/index.php\/wp-json\/wp\/v2\/pages"}],"about":[{"href":"https:\/\/lovedogs.fr\/index.php\/wp-json\/wp\/v2\/types\/page"}],"author":[{"embeddable":true,"href":"https:\/\/lovedogs.fr\/index.php\/wp-json\/wp\/v2\/users\/1"}],"replies":[{"embeddable":true,"href":"https:\/\/lovedogs.fr\/index.php\/wp-json\/wp\/v2\/comments?post=8329"}],"version-history":[{"count":6,"href":"https:\/\/lovedogs.fr\/index.php\/wp-json\/wp\/v2\/pages\/8329\/revisions"}],"predecessor-version":[{"id":8489,"href":"https:\/\/lovedogs.fr\/index.php\/wp-json\/wp\/v2\/pages\/8329\/revisions\/8489"}],"wp:attachment":[{"href":"https:\/\/lovedogs.fr\/index.php\/wp-json\/wp\/v2\/media?parent=8329"}],"curies":[{"name":"wp","href":"https:\/\/api.w.org\/{rel}","templated":true}]}}