{"id":8100,"date":"2018-09-08T17:06:42","date_gmt":"2018-09-08T15:06:42","guid":{"rendered":"http:\/\/lovedogs.fr\/?page_id=8100"},"modified":"2018-12-02T20:13:11","modified_gmt":"2018-12-02T19:13:11","slug":"la-zootherapie","status":"publish","type":"page","link":"https:\/\/lovedogs.fr\/index.php\/la-zootherapie\/","title":{"rendered":"La zooth\u00e9rapie"},"content":{"rendered":"<p>[vc_row][vc_column][vc_column_text]<\/p>\n<h1>LA ZOOTH\u00c9RAPIE<\/h1>\n<p>La zooth\u00e9rapie, \u00e9galement appel\u00e9e m\u00e9diation animale, utilise la proximit\u00e9 d\u2019un animal aupr\u00e8s de personnes souffrant de troubles mentaux, physiques et\/ou sociaux. La m\u00e9diation animale est donc une m\u00e9thode \u00e0 vis\u00e9e \u00e9ducative, p\u00e9dagogique, th\u00e9rapeutique, servant \u00e0 favoriser les liens entre les humains et les animaux. Elle va susciter des interactions pour compl\u00e9ter ou conserver les performances d\u2019une personne sur un ou plusieurs plans (cognitif, physique, social ou affectif).<\/p>\n<p>Par cons\u00e9quent, il s\u2019agit d\u2019une m\u00e9diation qui se pratique professionnellement en individuel ou en petit groupe de deux ou trois personnes maximum, \u00e0 l\u2019aide d\u2019un ou plusieurs animaux m\u00e9diateurs. Ces animaux sont consciencieusement s\u00e9lectionn\u00e9s et \u00e9duqu\u00e9s, sous la responsabilit\u00e9 d\u2019un intervenant qualifi\u00e9.<\/p>\n<p>Les s\u00e9ances sont d\u00e9finies \u00e0 partir d\u2019un projet personnalis\u00e9 dans lequel sont \u00e9tablis des objectifs individuels en accord avec les diff\u00e9rents partis\u00a0: le patient, le responsable l\u00e9gal et le zooth\u00e9rapeute.<\/p>\n<p>Etymologiquement, le terme de zooth\u00e9rapie provient du grec <em>zoo <\/em>signifiant animal et de <em>therapeia <\/em>que l\u2019on peut traduire par soin ou cure.<\/p>\n<p>La zooth\u00e9rapie est un compl\u00e9ment \u00e0 des th\u00e9rapies traditionnelles. Elle n\u2019est pas restreinte au domaine du m\u00e9dical, puisqu\u2019elle s\u2019\u00e9tend \u00e0 des questions sociales concernant les rapports \u00e0 autrui, l\u2019\u00e9ducation ou la d\u00e9linquance.<\/p>\n<p><strong>Les s\u00e9ances de zooth\u00e9rapie ne gu\u00e9rissent pas, mais elles permettent d\u2019am\u00e9liorer la qualit\u00e9 de vie des personnes en aidant \u00e0 diminuer les sympt\u00f4mes, \u00e0 maintenir son \u00e9tat ou \u00e0 freiner une r\u00e9gression.<\/strong><\/p>\n<h2><u>Les animaux sollicit\u00e9s\u00a0<\/u><\/h2>\n<p>Tout animal apprivois\u00e9, soigneusement s\u00e9lectionn\u00e9 et entra\u00een\u00e9, dans le cadre d\u2019une formation en zooth\u00e9rapie, peut \u00eatre utilis\u00e9 comme animal m\u00e9diateur.<\/p>\n<p>Aujourd\u2019hui, le chien et le cheval sont les animaux les plus employ\u00e9s par les zooth\u00e9rapeutes. Cela a du sens, puisque ces esp\u00e8ces ont \u00e9t\u00e9 les premi\u00e8res \u00e0 \u00eatre domestiqu\u00e9es par l\u2019homme. Mais d\u2019autres esp\u00e8ces animales peuvent aussi \u00eatre assimil\u00e9es comme m\u00e9diatrices, parmi elles\u00a0: l\u2019\u00e2ne, le cochon d\u2019inde, le chat, le lama.<\/p>\n<p>Tout est une question d\u2019affinit\u00e9 entre l\u2019animal et le zooth\u00e9rapeute. C\u2019est avant tout un travail d\u2019\u00e9quipe.<\/p>\n<p>[\/vc_column_text][\/vc_column][\/vc_row]<\/p>\n","protected":false},"excerpt":{"rendered":"<p>[vc_row][vc_column][vc_column_text] LA ZOOTH\u00c9RAPIE La zooth\u00e9rapie, \u00e9galement appel\u00e9e m\u00e9diation animale, utilise la proximit\u00e9 d\u2019un animal aupr\u00e8s de personnes souffrant de troubles mentaux, physiques et\/ou sociaux. La m\u00e9diation animale est donc une m\u00e9thode \u00e0 vis\u00e9e \u00e9ducative, p\u00e9dagogique, th\u00e9rapeutique, servant \u00e0 favoriser les &hellip; <\/p>\n","protected":false},"author":1,"featured_media":0,"parent":0,"menu_order":0,"comment_status":"closed","ping_status":"closed","template":"","meta":{"_bbp_topic_count":0,"_bbp_reply_count":0,"_bbp_total_topic_count":0,"_bbp_total_reply_count":0,"_bbp_voice_count":0,"_bbp_anonymous_reply_count":0,"_bbp_topic_count_hidden":0,"_bbp_reply_count_hidden":0,"_bbp_forum_subforum_count":0,"pmpro_default_level":0,"footnotes":""},"_links":{"self":[{"href":"https:\/\/lovedogs.fr\/index.php\/wp-json\/wp\/v2\/pages\/8100"}],"collection":[{"href":"https:\/\/lovedogs.fr\/index.php\/wp-json\/wp\/v2\/pages"}],"about":[{"href":"https:\/\/lovedogs.fr\/index.php\/wp-json\/wp\/v2\/types\/page"}],"author":[{"embeddable":true,"href":"https:\/\/lovedogs.fr\/index.php\/wp-json\/wp\/v2\/users\/1"}],"replies":[{"embeddable":true,"href":"https:\/\/lovedogs.fr\/index.php\/wp-json\/wp\/v2\/comments?post=8100"}],"version-history":[{"count":7,"href":"https:\/\/lovedogs.fr\/index.php\/wp-json\/wp\/v2\/pages\/8100\/revisions"}],"predecessor-version":[{"id":8496,"href":"https:\/\/lovedogs.fr\/index.php\/wp-json\/wp\/v2\/pages\/8100\/revisions\/8496"}],"wp:attachment":[{"href":"https:\/\/lovedogs.fr\/index.php\/wp-json\/wp\/v2\/media?parent=8100"}],"curies":[{"name":"wp","href":"https:\/\/api.w.org\/{rel}","templated":true}]}}