{"id":8098,"date":"2018-09-08T17:06:42","date_gmt":"2018-09-08T15:06:42","guid":{"rendered":"http:\/\/lovedogs.fr\/?page_id=8098"},"modified":"2018-09-24T23:38:35","modified_gmt":"2018-09-24T21:38:35","slug":"protocole-dhygiene-et-de-soins","status":"publish","type":"page","link":"https:\/\/lovedogs.fr\/index.php\/protocole-dhygiene-et-de-soins\/","title":{"rendered":"Protocole d\u2019hygi\u00e8ne et de soins"},"content":{"rendered":"<p>[vc_row][vc_column][vc_column_text]<\/p>\n<h1 style=\"margin: 0cm 0cm 0.0001pt; line-height: 26pt; background: white; text-align: left;\" align=\"center\">PROTOCOLE D\u2019HYGI\u00c8NE, SOINS ET PR\u00c9VENTIONS DES ANIMAUX M\u00c9DIATEURS<\/h1>\n<p><em><u><br \/>\nR\u00f4le du v\u00e9t\u00e9rinaire<\/u><\/em><\/p>\n<p>L\u2019une des grandes pr\u00e9occupations lors de l\u2019introduction d\u2019un chien dans un \u00e9tablissement public, est avant tout son hygi\u00e8ne, et l\u2019appr\u00e9hension que l\u2019animal soit porteur de germes.<\/p>\n<p>Raison pour laquelle, il est imp\u00e9ratif qu\u2019une clinique v\u00e9t\u00e9rinaire suive r\u00e9guli\u00e8rement l\u2019animal sur le plan sant\u00e9, les vaccins, les maladies et les traitements parasitaires.<\/p>\n<p>La clinique v\u00e9t\u00e9rinaire de Cabestany (22 avenue du G\u00e9n\u00e9ral De Gaulle, 66330 Cabestany), est garante, via le m\u00e9decin v\u00e9t\u00e9rinaire Docteur Tane, de la bonne sant\u00e9 de Nolo.<\/p>\n<p>Aur\u00e9lie Dubourdieu, l\u2019intervenante, doit faire 4 fois par an, une visite \u00e0 cette clinique v\u00e9t\u00e9rinaire, o\u00f9 sera d\u00e9livr\u00e9 un certificat de bonne sant\u00e9 du chien. Nolo sera \u00e9galement vermifug\u00e9 4 fois dans l\u2019ann\u00e9e et sera trait\u00e9 contre les parasites tous les mois.<\/p>\n<p><em><u>R\u00f4le de l\u2019intervenant professionnel<\/u><\/em><\/p>\n<p>L\u2019intervenant professionnel en m\u00e9diation animale, Aur\u00e9lie Dubourdieu, propri\u00e9taire de Nolo, chien m\u00e9diateur, est responsable \u00e0 part enti\u00e8re de l\u2019\u00e9ducation de son animal, qui a re\u00e7u une formation sp\u00e9cifique.<\/p>\n<p>L\u2019intervenante aura toujours sur elle, le carnet de sant\u00e9 et les diff\u00e9rents documents de son chien m\u00e9diateur.<\/p>\n<p><em><u>R\u00e8gles \u00e0 retenir<\/u><\/em><\/p>\n<ul>\n<li>Introduire uniquement des chiens \u00e0 jour de leurs vaccins, vermifuges et traitements antiparasitaires.<\/li>\n<li>Toujours faire laver les mains aux b\u00e9n\u00e9ficiaires, avant et apr\u00e8s avoir manipul\u00e9 l\u2019animal.<\/li>\n<li>Le chien n\u2019aura pas acc\u00e8s aux cuisines, aux endroits o\u00f9 sont entrepos\u00e9s les aliments, aux endroits o\u00f9 sont pris les repas. Il n\u2019aura pas acc\u00e8s au jardin potager.<\/li>\n<li>Aucun aliment (produits laitiers non pasteuris\u00e9s, \u0153ufs crus, par lesquels le chien peut attraper ou devenir porteur de maladies, dont certaines zoonoses), ne sera donn\u00e9 \u00e0 l\u2019animal, hormis les aliments fournis par l\u2019intervenant.<\/li>\n<li>Le chien n\u2019aura pas le droit de fouiller les poubelles.<\/li>\n<li>Il ne sera pas permis que l\u2019animal l\u00e8che le visage, la bouche.<\/li>\n<li>Il sera pr\u00eat\u00e9 une attention particuli\u00e8re \u00e0 l\u2019hygi\u00e8ne et \u00e0 l\u2019\u00e9tat de sant\u00e9 de l\u2019animal. Le chien sera retir\u00e9 du programme de zooth\u00e9rapie, lorsqu\u2019un probl\u00e8me de sant\u00e9 surviendra.<\/li>\n<\/ul>\n<p>[\/vc_column_text][\/vc_column][\/vc_row]<\/p>\n","protected":false},"excerpt":{"rendered":"<p>[vc_row][vc_column][vc_column_text] PROTOCOLE D\u2019HYGI\u00c8NE, SOINS ET PR\u00c9VENTIONS DES ANIMAUX M\u00c9DIATEURS R\u00f4le du v\u00e9t\u00e9rinaire L\u2019une des grandes pr\u00e9occupations lors de l\u2019introduction d\u2019un chien dans un \u00e9tablissement public, est avant tout son hygi\u00e8ne, et l\u2019appr\u00e9hension que l\u2019animal soit porteur de germes. Raison pour &hellip; <\/p>\n","protected":false},"author":1,"featured_media":0,"parent":0,"menu_order":0,"comment_status":"closed","ping_status":"closed","template":"","meta":{"_bbp_topic_count":0,"_bbp_reply_count":0,"_bbp_total_topic_count":0,"_bbp_total_reply_count":0,"_bbp_voice_count":0,"_bbp_anonymous_reply_count":0,"_bbp_topic_count_hidden":0,"_bbp_reply_count_hidden":0,"_bbp_forum_subforum_count":0,"pmpro_default_level":0,"footnotes":""},"_links":{"self":[{"href":"https:\/\/lovedogs.fr\/index.php\/wp-json\/wp\/v2\/pages\/8098"}],"collection":[{"href":"https:\/\/lovedogs.fr\/index.php\/wp-json\/wp\/v2\/pages"}],"about":[{"href":"https:\/\/lovedogs.fr\/index.php\/wp-json\/wp\/v2\/types\/page"}],"author":[{"embeddable":true,"href":"https:\/\/lovedogs.fr\/index.php\/wp-json\/wp\/v2\/users\/1"}],"replies":[{"embeddable":true,"href":"https:\/\/lovedogs.fr\/index.php\/wp-json\/wp\/v2\/comments?post=8098"}],"version-history":[{"count":8,"href":"https:\/\/lovedogs.fr\/index.php\/wp-json\/wp\/v2\/pages\/8098\/revisions"}],"predecessor-version":[{"id":8134,"href":"https:\/\/lovedogs.fr\/index.php\/wp-json\/wp\/v2\/pages\/8098\/revisions\/8134"}],"wp:attachment":[{"href":"https:\/\/lovedogs.fr\/index.php\/wp-json\/wp\/v2\/media?parent=8098"}],"curies":[{"name":"wp","href":"https:\/\/api.w.org\/{rel}","templated":true}]}}