{"id":8097,"date":"2018-09-08T17:06:42","date_gmt":"2018-09-08T15:06:42","guid":{"rendered":"http:\/\/lovedogs.fr\/?page_id=8097"},"modified":"2018-09-24T23:40:58","modified_gmt":"2018-09-24T21:40:58","slug":"declaration-universelle-des-droits-de-lanimal","status":"publish","type":"page","link":"https:\/\/lovedogs.fr\/index.php\/declaration-universelle-des-droits-de-lanimal\/","title":{"rendered":"D\u00e9claration universelle des droits de l\u2019animal"},"content":{"rendered":"<p>[vc_row][vc_column][vc_column_text]<\/p>\n<h1 style=\"margin: 0cm 0cm 0.0001pt; line-height: 26pt; background: white; text-align: left;\" align=\"center\">D\u00c9CLARATION UNIVERSELLE DES DROITS DE L\u2019ANIMAL<\/h1>\n<p>&nbsp;<\/p>\n<p>R\u00e9vis\u00e9e par la Ligue Internationale des Droits de l\u2019Animal en 1989, rendu public en 1990.<\/p>\n<p><strong>PR\u00c9AMBULE\u00a0:<\/strong><\/p>\n<ul>\n<li>Consid\u00e9rant que la Vie est une, tous les \u00eatres vivants ayant une origine commune et s\u2019\u00e9tant diff\u00e9renci\u00e9s au cours de l\u2019\u00e9volution des esp\u00e8ces,<\/li>\n<li>Consid\u00e9rant que tout \u00eatre vivant poss\u00e8de des droits naturels et que tout animal dot\u00e9 d\u2019un syst\u00e8me nerveux poss\u00e8de des droits particuliers,<\/li>\n<li>Consid\u00e9rant que le m\u00e9pris, voire la simple m\u00e9connaissance de ces droits naturels provoque de graves atteintes \u00e0 la Nature et conduisent l\u2019homme \u00e0 commettre des crimes envers les animaux,<\/li>\n<li>Consid\u00e9rant que la coexistence des esp\u00e8ces dans le monde implique la reconnaissance par l\u2019esp\u00e8ce humaine du droit \u00e0 l\u2019existence des autres esp\u00e8ces animales,<\/li>\n<li>Consid\u00e9rant que le respect des animaux par l\u2019homme est ins\u00e9parable du respect des hommes entre eux.<\/li>\n<\/ul>\n<p>IL EST PROCLAME CE QUI SUIT\u00a0:<\/p>\n<p><strong>Article premier<\/strong><\/p>\n<p>Tous les animaux ont des droits \u00e9gaux \u00e0 l\u2019existence dans le cadre des \u00e9quilibres biologiques. Cette \u00e9galit\u00e9 n\u2019occulte pas la diversit\u00e9 des esp\u00e8ces et des individus.<\/p>\n<p><strong>Article 2<\/strong><\/p>\n<p>Toute vie animale a droit au respect.<\/p>\n<p><strong>Article 3<\/strong><\/p>\n<ol>\n<li>Aucun animal ne doit \u00eatre soumis \u00e0 de mauvais traitements ou \u00e0 des actes de cruaut\u00e9s.<\/li>\n<li>Si la mise \u00e0 mort d\u2019un animal est n\u00e9cessaire, elle doit \u00eatre instantan\u00e9e, indolore et non g\u00e9n\u00e9ratrice d\u2019angoisse.<\/li>\n<li>L\u2019animal mort doit \u00eatre trait\u00e9 avec d\u00e9cence.<\/li>\n<\/ol>\n<p><strong>Article 4<\/strong><\/p>\n<ol>\n<li>L\u2019animal sauvage a le droit de vivre libre dans son milieu naturel, et de s\u2019y reproduire.<\/li>\n<li>La privation prolong\u00e9e de sa libert\u00e9, la chasse et la p\u00eache de loisir, ainsi que toute utilisation de l\u2019animal sauvage \u00e0 d\u2019autres fins que vitales, sont contraires \u00e0 ce droits.<\/li>\n<\/ol>\n<p><strong>Article 5<\/strong><\/p>\n<ol>\n<li>L\u2019animal que l\u2019homme tient sous sa d\u00e9pendance a droit \u00e0 un entretien et \u00e0 des soins attentifs.<\/li>\n<li>Il ne doit en aucun cas \u00eatre abandonn\u00e9, ou mis \u00e0 mort de mani\u00e8re injustifi\u00e9e.<\/li>\n<li>Toutes les formes d\u2019\u00e9levage et d\u2019utilisation de l\u2019animal doivent respecter la physiologie et le comportement propres \u00e0 l\u2019esp\u00e8ce.<\/li>\n<li>Les exhibitions, les spectacles, les films utilisant des animaux doivent aussi respecter leur dignit\u00e9 et ne comporter aucune violence.<\/li>\n<\/ol>\n<p><strong>Article 6<\/strong><\/p>\n<ol>\n<li>L\u2019exp\u00e9rimentation sur l\u2019animal impliquant une souffrance physique ou psychique viole les droits de l\u2019animal.<\/li>\n<li>Les m\u00e9thodes de remplacement doivent \u00eatre d\u00e9velopp\u00e9es et syst\u00e9matiquement mises en \u0153uvre.<\/li>\n<\/ol>\n<p><strong>Article 7<\/strong><\/p>\n<p>Tout acte impliquant sans n\u00e9cessit\u00e9 la mort d\u2019un animal et toute d\u00e9cision conduisant \u00e0 un tel acte constituent un crime contre la vie.<\/p>\n<p><strong>Article 8<\/strong><\/p>\n<ol>\n<li>Tout acte compromettant la survie d\u2019une esp\u00e8ce sauvage, et toute d\u00e9cision conduisant \u00e0 un tel acte constituent un g\u00e9nocide, c\u2019est-\u00e0-dire un crime contre la vie.<\/li>\n<li>Le massacre des animaux sauvages, la pollution et la destruction des biotypes sont des g\u00e9nocides.<\/li>\n<\/ol>\n<p><strong>Article 9<\/strong><\/p>\n<ol>\n<li>La personnalit\u00e9 juridique de l\u2019animal et ses droits doivent \u00eatre reconnus par la loi.<\/li>\n<li>La d\u00e9fense et la sauvegarde de l\u2019animal doivent avoir des repr\u00e9sentants au sein des organismes gouvernementaux.<\/li>\n<\/ol>\n<p>[\/vc_column_text][\/vc_column][\/vc_row]<\/p>\n","protected":false},"excerpt":{"rendered":"<p>[vc_row][vc_column][vc_column_text] D\u00c9CLARATION UNIVERSELLE DES DROITS DE L\u2019ANIMAL &nbsp; R\u00e9vis\u00e9e par la Ligue Internationale des Droits de l\u2019Animal en 1989, rendu public en 1990. PR\u00c9AMBULE\u00a0: Consid\u00e9rant que la Vie est une, tous les \u00eatres vivants ayant une origine commune et s\u2019\u00e9tant &hellip; <\/p>\n","protected":false},"author":1,"featured_media":0,"parent":0,"menu_order":0,"comment_status":"closed","ping_status":"closed","template":"","meta":{"_bbp_topic_count":0,"_bbp_reply_count":0,"_bbp_total_topic_count":0,"_bbp_total_reply_count":0,"_bbp_voice_count":0,"_bbp_anonymous_reply_count":0,"_bbp_topic_count_hidden":0,"_bbp_reply_count_hidden":0,"_bbp_forum_subforum_count":0,"pmpro_default_level":0,"footnotes":""},"_links":{"self":[{"href":"https:\/\/lovedogs.fr\/index.php\/wp-json\/wp\/v2\/pages\/8097"}],"collection":[{"href":"https:\/\/lovedogs.fr\/index.php\/wp-json\/wp\/v2\/pages"}],"about":[{"href":"https:\/\/lovedogs.fr\/index.php\/wp-json\/wp\/v2\/types\/page"}],"author":[{"embeddable":true,"href":"https:\/\/lovedogs.fr\/index.php\/wp-json\/wp\/v2\/users\/1"}],"replies":[{"embeddable":true,"href":"https:\/\/lovedogs.fr\/index.php\/wp-json\/wp\/v2\/comments?post=8097"}],"version-history":[{"count":4,"href":"https:\/\/lovedogs.fr\/index.php\/wp-json\/wp\/v2\/pages\/8097\/revisions"}],"predecessor-version":[{"id":8136,"href":"https:\/\/lovedogs.fr\/index.php\/wp-json\/wp\/v2\/pages\/8097\/revisions\/8136"}],"wp:attachment":[{"href":"https:\/\/lovedogs.fr\/index.php\/wp-json\/wp\/v2\/media?parent=8097"}],"curies":[{"name":"wp","href":"https:\/\/api.w.org\/{rel}","templated":true}]}}