{"id":7762,"date":"2015-10-19T04:23:53","date_gmt":"2015-10-19T04:23:53","guid":{"rendered":"http:\/\/demo.thimpress.com\/eduma\/?page_id=12"},"modified":"2018-12-03T00:08:13","modified_gmt":"2018-12-02T23:08:13","slug":"home","status":"publish","type":"page","link":"https:\/\/lovedogs.fr\/","title":{"rendered":"Love Dogs"},"content":{"rendered":"<div id=\"pl-7762\"  class=\"panel-layout\" ><div id=\"pg-7762-0\"  class=\"panel-grid panel-has-style\" ><div class=\"siteorigin-panels-stretch panel-row-style panel-row-style-for-7762-0\" data-stretch-type=\"full-stretched\" ><div id=\"pgc-7762-0-0\"  class=\"panel-grid-cell\" ><div id=\"panel-7762-0-0-0\" class=\"so-panel widget widget_text panel-first-child panel-last-child\" data-index=\"0\" >\t\t\t<div class=\"textwidget\">\t\t\t<script src=\"\/\/lovedogs.fr\/wp-content\/plugins\/revslider\/public\/assets\/js\/rbtools.min.js?rev=6.5.20\"><\/script>\n\t\t\t<script src=\"\/\/lovedogs.fr\/wp-content\/plugins\/revslider\/public\/assets\/js\/rs6.min.js?rev=6.5.20\"><\/script>\n\n\t\t\t<!-- START Home Page REVOLUTION SLIDER 6.5.20 --><p class=\"rs-p-wp-fix\"><\/p>\n\t\t\t<rs-module-wrap id=\"rev_slider_1_1_wrapper\" data-source=\"gallery\" style=\"visibility:hidden;background:transparent;padding:0;\">\n\t\t\t\t<rs-module id=\"rev_slider_1_1\" style=\"\" data-version=\"6.5.20\">\n\t\t\t\t\t<rs-slides>\n\t\t\t\t\t\t<rs-slide style=\"position: absolute;\" data-key=\"rs-6\" data-title=\"Slide\" data-thumb=\"\/\/lovedogs.fr\/wp-content\/uploads\/2018\/09\/love-dogs-site-slider-enfants-dos-100x50.png\" data-duration=\"2000\" data-anim=\"ms:600;\" data-in=\"o:0;\" data-out=\"a:false;\">\n\t\t\t\t\t\t\t<img decoding=\"async\" src=\"\/\/lovedogs.fr\/wp-content\/plugins\/revslider\/public\/assets\/assets\/dummy.png\" alt=\"\" class=\"rev-slidebg tp-rs-img rs-lazyload\" data-lazyload=\"\/\/lovedogs.fr\/wp-content\/uploads\/2018\/09\/love-dogs-site-slider-enfants-dos.png\" data-no-retina>\n<!---->\t\t\t\t\t\t<\/rs-slide>\n\t\t\t\t\t\t<rs-slide style=\"position: absolute;\" data-key=\"rs-4\" data-title=\"Slide\" data-thumb=\"\/\/lovedogs.fr\/wp-content\/uploads\/2018\/09\/love-dogs-site-slider-nolo-cerceau-2-100x50.png\" data-duration=\"2000\" data-anim=\"ms:600;\" data-in=\"o:0;\" data-out=\"a:false;\">\n\t\t\t\t\t\t\t<img decoding=\"async\" src=\"\/\/lovedogs.fr\/wp-content\/plugins\/revslider\/public\/assets\/assets\/dummy.png\" alt=\"\" class=\"rev-slidebg tp-rs-img rs-lazyload\" data-lazyload=\"\/\/lovedogs.fr\/wp-content\/uploads\/2018\/09\/love-dogs-site-slider-nolo-cerceau-2.png\" data-no-retina>\n<!---->\t\t\t\t\t\t<\/rs-slide>\n\t\t\t\t\t\t<rs-slide style=\"position: absolute;\" data-key=\"rs-5\" data-title=\"Slide\" data-thumb=\"\/\/lovedogs.fr\/wp-content\/uploads\/2018\/09\/love-dogs-site-slider-aurelie-nolo-100x50.png\" data-duration=\"2000\" data-anim=\"ms:600;\" data-in=\"o:0;\" data-out=\"a:false;\">\n\t\t\t\t\t\t\t<img decoding=\"async\" src=\"\/\/lovedogs.fr\/wp-content\/plugins\/revslider\/public\/assets\/assets\/dummy.png\" alt=\"\" class=\"rev-slidebg tp-rs-img rs-lazyload\" data-lazyload=\"\/\/lovedogs.fr\/wp-content\/uploads\/2018\/09\/love-dogs-site-slider-aurelie-nolo.png\" data-no-retina>\n<!---->\t\t\t\t\t\t<\/rs-slide>\n\t\t\t\t\t\t<rs-slide style=\"position: absolute;\" data-key=\"rs-7\" data-title=\"Slide\" data-thumb=\"\/\/lovedogs.fr\/wp-content\/uploads\/2018\/09\/love-dogs-site-slider-matheo-rire-100x50.png\" data-duration=\"2000\" data-anim=\"ms:600;\" data-in=\"o:0;\" data-out=\"a:false;\">\n\t\t\t\t\t\t\t<img decoding=\"async\" src=\"\/\/lovedogs.fr\/wp-content\/plugins\/revslider\/public\/assets\/assets\/dummy.png\" alt=\"\" class=\"rev-slidebg tp-rs-img rs-lazyload\" data-lazyload=\"\/\/lovedogs.fr\/wp-content\/uploads\/2018\/09\/love-dogs-site-slider-matheo-rire.png\" data-no-retina>\n<!---->\t\t\t\t\t\t<\/rs-slide>\n\t\t\t\t\t<\/rs-slides>\n\t\t\t\t<\/rs-module>\n\t\t\t\t<script>\n\t\t\t\t\tsetREVStartSize({c: 'rev_slider_1_1',rl:[1240,1024,778,480],el:[],gw:[1200,960,768,481],gh:[500,400,400,320],type:'standard',justify:'',layout:'fullscreen',offsetContainer:'',offset:'',mh:\"0\"});if (window.RS_MODULES!==undefined && window.RS_MODULES.modules!==undefined && window.RS_MODULES.modules[\"revslider11\"]!==undefined) {window.RS_MODULES.modules[\"revslider11\"].once = false;window.revapi1 = undefined;if (window.RS_MODULES.checkMinimal!==undefined) window.RS_MODULES.checkMinimal()}\n\t\t\t\t<\/script>\n\t\t\t<\/rs-module-wrap>\n\t\t\t<!-- END REVOLUTION SLIDER -->\n\n<\/div>\n\t\t<\/div><\/div><\/div><\/div><div id=\"pg-7762-1\"  class=\"panel-grid panel-has-style\" ><div class=\"thim-best-industry panel-row-style panel-row-style-for-7762-1\" ><div id=\"pgc-7762-1-0\"  class=\"panel-grid-cell\" ><div id=\"panel-7762-1-0-0\" class=\"so-panel widget widget_icon-box panel-first-child panel-last-child\" data-index=\"1\" ><div class=\"thim-widget-icon-box template-base\"><div class=\"wrapper-box-icon has_custom_image has_read_more text-left overlay\"   data-icon=\"#ffffff\" data-text-readmore=\"#74cfe6\"><div class=\"smicon-box iconbox-left\"><div class=\"boxes-icon\" style=\"width: 150px;\"><span class=\"inner-icon\"><span class=\"icon icon-images\"><img loading=\"lazy\" decoding=\"async\" src=\"https:\/\/lovedogs.fr\/wp-content\/uploads\/2018\/09\/Footprint-128.png\" alt=\"Footprint-128\" title=\"Footprint-128\"  width=\"128\" height=\"128\"><\/span><\/span><\/div><div class=\"content-inner\"  style=\"width: calc( 100% - 150px - 15px);\"><div class=\"sc-heading article_heading\"><h2 class = \"heading__primary\" style=\"color: #ffffff;font-size: 22px; line-height: 22px;font-weight: bold;\">ATELIER COMMUNICATION<\/h2><\/div><div class=\"desc-icon-box\"><div class=\"desc-content\" style=\"color: #ffffff;\">pour amener la personne \u00e0 se confier, \u00e0 \u00eatre curieuse et \u00e0 chercher une communication verbale ou non.<\/div><a class=\"smicon-read sc-btn\" target=\"_blank\" href=\"http:\/\/lovedogs.fr\/index.php\/les-ateliers-love-dogs\/\"  style=\"color: #74cfe6;\" >En savoir plus<i class=\"fa fa-chevron-right\"><\/i><\/a><\/div><\/div><\/div><!--end smicon-box--><\/div><\/div><\/div><\/div><div id=\"pgc-7762-1-1\"  class=\"panel-grid-cell\" ><div id=\"panel-7762-1-1-0\" class=\"so-panel widget widget_icon-box panel-first-child panel-last-child\" data-index=\"2\" ><div class=\"thim-widget-icon-box template-base\"><div class=\"wrapper-box-icon has_custom_image has_read_more text-left overlay\"   data-text-readmore=\"#74cfe6\"><div class=\"smicon-box iconbox-left\"><div class=\"boxes-icon\" style=\"width: 150px;\"><span class=\"inner-icon\"><span class=\"icon icon-images\"><img loading=\"lazy\" decoding=\"async\" src=\"https:\/\/lovedogs.fr\/wp-content\/uploads\/2018\/09\/Hand-Sign-04-128-2.png\" alt=\"Hand-Sign-04-128\" title=\"Hand-Sign-04-128\"  width=\"128\" height=\"128\"><\/span><\/span><\/div><div class=\"content-inner\"  style=\"width: calc( 100% - 150px - 15px);\"><div class=\"sc-heading article_heading\"><h3 class = \"heading__primary\" style=\"font-size: 22px; line-height: 22px;font-weight: bold;\">ATELIER RELATIONNEL<\/h3><\/div><div class=\"desc-icon-box\"><div class=\"desc-content\" style=\"color: #ffffff;\">pour permettre la personne \u00e0 s'ouvrir aux autres et \u00e0 entrer en relation avec le monde qui l'entoure. <\/div><a class=\"smicon-read sc-btn\" target=\"_self\" href=\"http:\/\/lovedogs.fr\/index.php\/les-ateliers-love-dogs\/\"  style=\"color: #74cfe6;\" >En savoir plus<i class=\"fa fa-chevron-right\"><\/i><\/a><\/div><\/div><\/div><!--end smicon-box--><\/div><\/div><\/div><\/div><div id=\"pgc-7762-1-2\"  class=\"panel-grid-cell\" ><div id=\"panel-7762-1-2-0\" class=\"so-panel widget widget_icon-box panel-first-child panel-last-child\" data-index=\"3\" ><div class=\"thim-widget-icon-box template-base\"><div class=\"wrapper-box-icon has_custom_image has_read_more text-left overlay\"   data-text-readmore=\"#74cfe6\"><div class=\"smicon-box iconbox-left\"><div class=\"boxes-icon\" style=\"width: 150px;\"><span class=\"inner-icon\"><span class=\"icon icon-images\"><img loading=\"lazy\" decoding=\"async\" src=\"https:\/\/lovedogs.fr\/wp-content\/uploads\/2018\/09\/Branch-Engineering-128-1-1.png\" alt=\"Branch-Engineering-128 (1)\" title=\"Branch-Engineering-128 (1)\"  width=\"128\" height=\"128\"><\/span><\/span><\/div><div class=\"content-inner\"  style=\"width: calc( 100% - 150px - 15px);\"><div class=\"sc-heading article_heading\"><h3 class = \"heading__primary\" style=\"color: #ffffff;font-size: 22px; line-height: 22px;font-weight: bold;\">ATELIER MOTRICIT\u00c9 <\/h3><\/div><div class=\"desc-icon-box\"><div class=\"desc-content\" style=\"color: #ffffff;\">pour maintenir et faire progresser la motricit\u00e9 fine et globale tout en prenant conscience de son corps. <\/div><a class=\"smicon-read sc-btn\" target=\"_self\" href=\"http:\/\/lovedogs.fr\/index.php\/les-ateliers-love-dogs\/\"  style=\"color: #74cfe6;\" >En savoir plus<i class=\"fa fa-chevron-right\"><\/i><\/a><\/div><\/div><\/div><!--end smicon-box--><\/div><\/div><\/div><\/div><\/div><\/div><div id=\"pg-7762-2\"  class=\"panel-grid panel-no-style\" ><div id=\"pgc-7762-2-0\"  class=\"panel-grid-cell\" ><div id=\"panel-7762-2-0-0\" class=\"so-panel widget widget_our-team panel-first-child panel-last-child\" data-index=\"4\" ><div class=\"thim-widget-our-team template-our-team\">\n<div class=\"wrapper-lists-our-team icon-image-hover\"><div class=\"row\"><div class=\"our-team-item col-sm-12\"><div class=\"our-team-image\"> <a class=\"link-img\" href=\"https:\/\/lovedogs.fr\/index.php\/our_team\/aurelie-dubourdieu-canitherapeute\/\"><\/a><img loading=\"lazy\" decoding=\"async\" src=\"https:\/\/lovedogs.fr\/wp-content\/uploads\/2015\/11\/Team-Aur\u00e9lie-200x200.png\" alt=\"Team-Aur\u00e9lie\" title=\"Team-Aur\u00e9lie\"  width=\"200\" height=\"200\"><div class=\"social-team\"><a target=\"_blank\" href=\"https:\/\/www.facebook.com\/lovedogs.fr\/\"><i class=\"fa fa-facebook\"><\/i><\/a><a target=\"_blank\" href=\"https:\/\/www.linkedin.com\/in\/aur%C3%A9lie-dubourdieu-741811159\/\"><i class=\"fa fa-linkedin\"><\/i><\/a><\/div><\/div><div class=\"content-team\"><h4 class=\"title\">Aur\u00e9lie Dubourdieu<\/h4><div class = \"regency\">Fondatrice & Intervenante en Zooth\u00e9rapie<\/div><\/div><\/div><\/div><\/div><\/div><\/div><\/div><div id=\"pgc-7762-2-1\"  class=\"panel-grid-cell\" ><div id=\"panel-7762-2-1-0\" class=\"so-panel widget widget_text panel-first-child panel-last-child\" data-index=\"5\" >\t\t\t<div class=\"textwidget\"><p style=\"text-align: justify;\">Je suis monitrice \u00e9ducatrice et maman d\u2019un petit Math\u00e9o. Je travaille depuis 2004 aupr\u00e8s d\u2019enfants et adultes ayant un handicap ou des difficult\u00e9s sociales. J&#8217;ai la chance de pouvoir concevoir, d\u00e9velopper et animer des activit\u00e9s autour de la m\u00e9diation par le cheval au sein d&#8217;un Institut M\u00e9dico-Educatif dans lequel je travaille actuellement&#8230; et les r\u00e9sultats sont tout simplement ind\u00e9niables. J\u2019ai donc d\u00e9cid\u00e9 d&#8217;aller plus loin et me sp\u00e9cialiser \u00e9galement\u00a0dans la canith\u00e9rapie. C&#8217;est de ce constat qu&#8217;est n\u00e9 Love Dogs. Je partage cette toute nouvelle aventure avec Nolo, mon chien m\u00e9diateur. Tous les deux form\u00e9s et certifi\u00e9s aupr\u00e8s de l\u2019Institut Fran\u00e7ais de Zooth\u00e9rapie, nous serons ravis de vous accompagner. Et, d&#8217;ici la fin de l&#8217;ann\u00e9e, nous aurons le plaisir de compter Ora dans l&#8217;\u00e9quipe Love Dogs en tant que chien m\u00e9diateur !<\/p>\n<\/div>\n\t\t<\/div><\/div><div id=\"pgc-7762-2-2\"  class=\"panel-grid-cell\" ><div id=\"panel-7762-2-2-0\" class=\"so-panel widget widget_single-images panel-first-child panel-last-child\" data-index=\"6\" ><div class=\"thim-widget-single-images template-single-images\">\n<div class=\"single-image text-center\"><img src =\"https:\/\/lovedogs.fr\/wp-content\/uploads\/2018\/10\/Quotation-Marks-128.png\" width=\"128\" height=\"128\" alt=\"\"\/><\/div><\/div><\/div><\/div><\/div><div id=\"pg-7762-3\"  class=\"panel-grid panel-has-style\" ><div class=\"thim-bg-overlay so-parallax siteorigin-panels-stretch panel-row-style panel-row-style-for-7762-3\" data-stretch-type=\"full\" ><img fetchpriority=\"high\" decoding=\"async\" width=\"1600\" height=\"790\" src=\"https:\/\/lovedogs.fr\/wp-content\/uploads\/2018\/10\/love-dogs-site-bg-perpignan.png\" class=\"attachment-full size-full\" alt=\"\" data-siteorigin-parallax=\"true\" loading=\"eager\" srcset=\"https:\/\/lovedogs.fr\/wp-content\/uploads\/2018\/10\/love-dogs-site-bg-perpignan.png 1600w, https:\/\/lovedogs.fr\/wp-content\/uploads\/2018\/10\/love-dogs-site-bg-perpignan-300x148.png 300w, https:\/\/lovedogs.fr\/wp-content\/uploads\/2018\/10\/love-dogs-site-bg-perpignan-768x379.png 768w, https:\/\/lovedogs.fr\/wp-content\/uploads\/2018\/10\/love-dogs-site-bg-perpignan-1024x506.png 1024w, https:\/\/lovedogs.fr\/wp-content\/uploads\/2018\/10\/love-dogs-site-bg-perpignan-600x296.png 600w\" sizes=\"(max-width: 1600px) 100vw, 1600px\" \/><div id=\"pgc-7762-3-0\"  class=\"panel-grid-cell panel-grid-cell-mobile-last\" ><div id=\"panel-7762-3-0-0\" class=\"so-panel widget widget_text panel-first-child panel-last-child\" data-index=\"7\" ><div class=\"panel-widget-style panel-widget-style-for-7762-3-0-0\" >\t\t\t<div class=\"textwidget\"><div class=\"thim-get-100s\">\n<p class=\"get-100s\"><span class=\"thim-color\">INTERVENTION A PERPIGNAN & SES ENVIRONS<\/span><\/p>\n<h2>Gratuit \u00e0 moins de 20km<\/h2>\n<\/div><\/div>\n\t\t<\/div><\/div><\/div><div id=\"pgc-7762-3-1\"  class=\"panel-grid-cell panel-grid-cell-empty\" ><\/div><\/div><\/div><div id=\"pg-7762-4\"  class=\"panel-grid panel-no-style\" ><div id=\"pgc-7762-4-0\"  class=\"panel-grid-cell\" ><div id=\"panel-7762-4-0-0\" class=\"so-panel widget widget_counters-box panel-first-child panel-last-child\" data-index=\"8\" ><div class=\"thim-widget-counters-box template-base\"><div class=\"counter-box home-page\" style=\"\"><div class=\"icon-counter-box\" style=\"\"><i class=\"fa fa-instagram\"><\/i><\/div><div class=\"content-box-percentage\">\n\t\t<div class=\"wrap-percentage\">\n\t\t<div class=\"display-percentage\" data-percentage=\"96\" >96<\/div><div class=\"text_number\">% des Fran\u00e7ais croient aux bienfaits de la zooth\u00e9rapie<\/div><\/div><div class=\"counter-content-container\"><div class=\"counter-box-content\" style=\"\">% des Fran\u00e7ais croient aux bienfaits de la zooth\u00e9rapie<\/div><\/div><\/div><\/div><\/div><\/div><\/div><div id=\"pgc-7762-4-1\"  class=\"panel-grid-cell\" ><div id=\"panel-7762-4-1-0\" class=\"so-panel widget widget_counters-box panel-first-child panel-last-child\" data-index=\"9\" ><div class=\"thim-widget-counters-box template-base\"><div class=\"counter-box home-page\" style=\"\"><div class=\"icon-counter-box\" style=\"\"><i class=\"fa fa-wheelchair\"><\/i><\/div><div class=\"content-box-percentage\">\n\t\t<div class=\"wrap-percentage\">\n\t\t<div class=\"display-percentage\" data-percentage=\"350000\" >350000<\/div><div class=\"text_number\">d\u2019enfants ou adolescents handicap\u00e9s scolaris\u00e9s<\/div><\/div><div class=\"counter-content-container\"><div class=\"counter-box-content\" style=\"\">d\u2019enfants ou adolescents handicap\u00e9s scolaris\u00e9s<\/div><\/div><\/div><\/div><\/div><\/div><\/div><div id=\"pgc-7762-4-2\"  class=\"panel-grid-cell\" ><div id=\"panel-7762-4-2-0\" class=\"so-panel widget widget_counters-box panel-first-child panel-last-child\" data-index=\"10\" ><div class=\"thim-widget-counters-box template-base\"><div class=\"counter-box home-page\" style=\"\"><div class=\"icon-counter-box\" style=\"\"><i class=\"fa fa-instagram\"><\/i><\/div><div class=\"content-box-percentage\">\n\t\t<div class=\"wrap-percentage\">\n\t\t<div class=\"display-percentage\" data-percentage=\"7\" >7<\/div><div class=\"text_number\">millions de chiens domestiques en France en 2016<\/div><\/div><div class=\"counter-content-container\"><div class=\"counter-box-content\" style=\"\">millions de chiens domestiques en France en 2016<\/div><\/div><\/div><\/div><\/div><\/div><\/div><\/div><div id=\"pg-7762-5\"  class=\"panel-grid panel-has-style\" ><div class=\"thim-bg-overlay so-parallax siteorigin-panels-stretch panel-row-style panel-row-style-for-7762-5\" data-stretch-type=\"full\" ><img decoding=\"async\" width=\"1600\" height=\"790\" src=\"https:\/\/lovedogs.fr\/wp-content\/uploads\/2018\/09\/love-dogs-site-form-home-page.png\" class=\"attachment-full size-full\" alt=\"\" data-siteorigin-parallax=\"true\" loading=\"eager\" srcset=\"https:\/\/lovedogs.fr\/wp-content\/uploads\/2018\/09\/love-dogs-site-form-home-page.png 1600w, https:\/\/lovedogs.fr\/wp-content\/uploads\/2018\/09\/love-dogs-site-form-home-page-300x148.png 300w, https:\/\/lovedogs.fr\/wp-content\/uploads\/2018\/09\/love-dogs-site-form-home-page-768x379.png 768w, https:\/\/lovedogs.fr\/wp-content\/uploads\/2018\/09\/love-dogs-site-form-home-page-1024x506.png 1024w, https:\/\/lovedogs.fr\/wp-content\/uploads\/2018\/09\/love-dogs-site-form-home-page-600x296.png 600w\" sizes=\"(max-width: 1600px) 100vw, 1600px\" \/><div id=\"pgc-7762-5-0\"  class=\"panel-grid-cell\" ><div id=\"panel-7762-5-0-0\" class=\"so-panel widget widget_text panel-first-child panel-last-child\" data-index=\"11\" >\t\t\t<div class=\"textwidget\"><div class=\"thim-get-100s\">\n<p class=\"get-100s\">Devis personnalis\u00e9 <span class=\"thim-color\">sur rendez-vous<\/span><\/p>\n<h2>R\u00e9servez votre s\u00e9ance<\/h2>\n<\/div><\/div>\n\t\t<\/div><\/div><div id=\"pgc-7762-5-1\"  class=\"panel-grid-cell\" ><div id=\"panel-7762-5-1-0\" class=\"so-panel widget widget_text panel-first-child panel-last-child\" data-index=\"12\" >\t\t\t<div class=\"textwidget\"><div class=\"thim-register-now-form\">\n<h3 class=\"title\"><span>Demande de rendez-vous pour la r\u00e9alisation d'un bilan personnalis\u00e9<\/span><\/h3>\n<div role=\"form\" class=\"wpcf7\" id=\"wpcf7-f85-o1\" lang=\"en-US\" dir=\"ltr\">\n<div class=\"screen-reader-response\"><p role=\"status\" aria-live=\"polite\" aria-atomic=\"true\"><\/p> <ul><\/ul><\/div>\n<form action=\"\/index.php\/wp-json\/wp\/v2\/pages\/7762#wpcf7-f85-o1\" method=\"post\" class=\"wpcf7-form init\" novalidate=\"novalidate\" data-status=\"init\">\n<div style=\"display: none;\">\n<input type=\"hidden\" name=\"_wpcf7\" value=\"85\" \/>\n<input type=\"hidden\" name=\"_wpcf7_version\" value=\"5.5.6\" \/>\n<input type=\"hidden\" name=\"_wpcf7_locale\" value=\"en_US\" \/>\n<input type=\"hidden\" name=\"_wpcf7_unit_tag\" value=\"wpcf7-f85-o1\" \/>\n<input type=\"hidden\" name=\"_wpcf7_container_post\" value=\"0\" \/>\n<input type=\"hidden\" name=\"_wpcf7_posted_data_hash\" value=\"\" \/>\n<\/div>\n<p><span class=\"wpcf7-form-control-wrap your-name\"><input type=\"text\" name=\"your-name\" value=\"\" size=\"40\" class=\"wpcf7-form-control wpcf7-text wpcf7-validates-as-required\" aria-required=\"true\" aria-invalid=\"false\" placeholder=\"Votre nom *\" \/><\/span> <\/p>\n<p><span class=\"wpcf7-form-control-wrap your-email\"><input type=\"email\" name=\"your-email\" value=\"\" size=\"40\" class=\"wpcf7-form-control wpcf7-text wpcf7-email wpcf7-validates-as-required wpcf7-validates-as-email\" aria-required=\"true\" aria-invalid=\"false\" placeholder=\"Votre email *\" \/><\/span> <\/p>\n<p><span class=\"wpcf7-form-control-wrap phone\"><input type=\"tel\" name=\"phone\" value=\"\" size=\"40\" class=\"wpcf7-form-control wpcf7-text wpcf7-tel wpcf7-validates-as-required wpcf7-validates-as-tel\" aria-required=\"true\" aria-invalid=\"false\" placeholder=\"Votre n\u00b0 de t\u00e9l\u00e9phone *\" \/><\/span><\/p>\n<p><input type=\"submit\" value=\"ENVOYER\" class=\"wpcf7-form-control has-spinner wpcf7-submit\" \/><\/p>\n<p style=\"display: none !important;\"><label>&#916;<textarea name=\"_wpcf7_ak_hp_textarea\" cols=\"45\" rows=\"8\" maxlength=\"100\"><\/textarea><\/label><input type=\"hidden\" id=\"ak_js_1\" name=\"_wpcf7_ak_js\" value=\"248\"\/><script>document.getElementById( \"ak_js_1\" ).setAttribute( \"value\", ( new Date() ).getTime() );<\/script><\/p><div class=\"wpcf7-response-output\" aria-hidden=\"true\"><\/div><\/form><\/div>\n<\/div><\/div>\n\t\t<\/div><\/div><\/div><\/div><\/div>","protected":false},"excerpt":{"rendered":"<p>Je suis monitrice \u00e9ducatrice et maman d\u2019un petit Math\u00e9o. Je travaille depuis 2004 aupr\u00e8s d\u2019enfants et adultes ayant un handicap ou des difficult\u00e9s sociales. J&#8217;ai la chance de pouvoir concevoir, d\u00e9velopper et animer des activit\u00e9s autour de la m\u00e9diation par &hellip; <\/p>\n","protected":false},"author":1,"featured_media":0,"parent":0,"menu_order":0,"comment_status":"closed","ping_status":"closed","template":"page-templates\/homepage.php","meta":{"_bbp_topic_count":0,"_bbp_reply_count":0,"_bbp_total_topic_count":0,"_bbp_total_reply_count":0,"_bbp_voice_count":0,"_bbp_anonymous_reply_count":0,"_bbp_topic_count_hidden":0,"_bbp_reply_count_hidden":0,"_bbp_forum_subforum_count":0,"pmpro_default_level":0,"footnotes":""},"_links":{"self":[{"href":"https:\/\/lovedogs.fr\/index.php\/wp-json\/wp\/v2\/pages\/7762"}],"collection":[{"href":"https:\/\/lovedogs.fr\/index.php\/wp-json\/wp\/v2\/pages"}],"about":[{"href":"https:\/\/lovedogs.fr\/index.php\/wp-json\/wp\/v2\/types\/page"}],"author":[{"embeddable":true,"href":"https:\/\/lovedogs.fr\/index.php\/wp-json\/wp\/v2\/users\/1"}],"replies":[{"embeddable":true,"href":"https:\/\/lovedogs.fr\/index.php\/wp-json\/wp\/v2\/comments?post=7762"}],"version-history":[{"count":201,"href":"https:\/\/lovedogs.fr\/index.php\/wp-json\/wp\/v2\/pages\/7762\/revisions"}],"predecessor-version":[{"id":8557,"href":"https:\/\/lovedogs.fr\/index.php\/wp-json\/wp\/v2\/pages\/7762\/revisions\/8557"}],"wp:attachment":[{"href":"https:\/\/lovedogs.fr\/index.php\/wp-json\/wp\/v2\/media?parent=7762"}],"curies":[{"name":"wp","href":"https:\/\/api.w.org\/{rel}","templated":true}]}}