{"id":2901,"date":"2015-11-18T08:34:00","date_gmt":"2015-11-18T08:34:00","guid":{"rendered":"http:\/\/demo.thimpress.com\/eduma\/?page_id=2901"},"modified":"2018-12-02T23:43:53","modified_gmt":"2018-12-02T22:43:53","slug":"love-dogs-mediation-canine","status":"publish","type":"page","link":"https:\/\/lovedogs.fr\/index.php\/love-dogs-mediation-canine\/","title":{"rendered":"Love Dogs, m\u00e9diation canine"},"content":{"rendered":"<div id=\"pl-2901\"  class=\"panel-layout\" ><div id=\"pg-2901-0\"  class=\"panel-grid panel-no-style\" ><div id=\"pgc-2901-0-0\"  class=\"panel-grid-cell\" ><div id=\"panel-2901-0-0-0\" class=\"so-panel widget widget_empty-space panel-first-child\" data-index=\"0\" ><div class=\"thim-widget-empty-space template-base\"><div class=\"empty_space\" style=\"height:30px\"><\/div><\/div><\/div><div id=\"panel-2901-0-0-1\" class=\"so-panel widget widget_text panel-last-child\" data-index=\"1\" ><h3 class=\"widget-title\">Love Dogs, c&#8217;est quoi ?<\/h3>\t\t\t<div class=\"textwidget\">Love Dogs propose des services de m\u00e9diation qui utilisent le chien pour contribuer \u00e0 l\u2019am\u00e9lioration de la sant\u00e9 et de la qualit\u00e9 de vie des personnes. \n\nNous \u00e9laborons et animons des s\u00e9ances de m\u00e9diation canine \u00e0 vis\u00e9e \u00e9ducative, avec des objectifs pr\u00e9cis tels que maintenir ou d\u00e9velopper le potentiel cognitif, physique, psychosocial ou affectif pour des personnes souffrant de perte d\u2019autonomie, de d\u00e9ficience intellectuelle, de trouble du d\u00e9ficit de l\u2019attention, de troubles comportementaux, de difficult\u00e9s ou trouble des apprentissages, etc.<\/div>\n\t\t<\/div><\/div><div id=\"pgc-2901-0-1\"  class=\"panel-grid-cell panel-grid-cell-empty\" ><\/div><div id=\"pgc-2901-0-2\"  class=\"panel-grid-cell\" ><div id=\"panel-2901-0-2-0\" class=\"so-panel widget widget_empty-space panel-first-child\" data-index=\"2\" ><div class=\"thim-widget-empty-space template-base\"><div class=\"empty_space\" style=\"height:30px\"><\/div><\/div><\/div><div id=\"panel-2901-0-2-1\" class=\"so-panel widget widget_text panel-last-child\" data-index=\"3\" ><h3 class=\"widget-title\">Love Dogs, c&#8217;est pour qui ?<\/h3>\t\t\t<div class=\"textwidget\">Love Dogs intervient dans les institutions pour enfants et adultes en situation d\u2019handicap mais aussi dans les foyers pour les personnes en difficult\u00e9s sociales dans les Pyr\u00e9n\u00e9es Orientales. Des s\u00e9ances individuelles ou en petits groupes de 3 personnes maximum, avec un programme de m\u00e9diation animale adapt\u00e9 \u00e0 chacun par le biais d\u2019activit\u00e9s sp\u00e9cifiques, avec un chien \u00e9duqu\u00e9 \u00e0 cet effet, leur sont propos\u00e9es. \n\nLove Dogs propose \u00e9galement un service \u00e0 domicile pour les particuliers aux alentours de Perpignan qui peuvent b\u00e9n\u00e9ficier de s\u00e9ances de m\u00e9diation canine, pendant lesquelles seront \u00e9tablis des objectifs individuels en accord avec les diff\u00e9rentes parties.\n<\/div>\n\t\t<\/div><\/div><\/div><div id=\"pg-2901-1\"  class=\"panel-grid panel-no-style\" ><div id=\"pgc-2901-1-0\"  class=\"panel-grid-cell\" ><div id=\"panel-2901-1-0-0\" class=\"so-panel widget widget_text panel-first-child\" data-index=\"4\" ><h3 class=\"widget-title\">Love Dogs, c&#8217;est qui ?<\/h3>\t\t\t<div class=\"textwidget\">Love Dogs, c'est la rencontre entre Aur\u00e9lie, une monitrice-\u00e9ducatrice passionn\u00e9e par son m\u00e9tier et les animaux... Nolo et depuis novembre 2018, Ora !\n<\/div>\n\t\t<\/div><div id=\"panel-2901-1-0-1\" class=\"so-panel widget widget_our-team\" data-index=\"5\" ><div class=\"thim-widget-our-team template-our-team\">\n<div class=\"wrapper-lists-our-team icon-image-hover\"><div class=\"thim-carousel-wrapper\" data-visible=\"3\" data-pagination=\"0\" ><div class=\"our-team-item\"><div class=\"our-team-image\"><a class=\"link-img\" href=\"https:\/\/lovedogs.fr\/index.php\/our_team\/ora\/\"><\/a> <img loading=\"lazy\" decoding=\"async\" src=\"https:\/\/lovedogs.fr\/wp-content\/uploads\/2018\/12\/Team-Ora-200x200.png\" alt=\"Team-Ora\" title=\"Team-Ora\"  width=\"200\" height=\"200\"><div class=\"social-team\"><a target=\"_blank\" href=\"https:\/\/www.facebook.com\/lovedogs.fr\/\"><i class=\"fa fa-facebook\"><\/i><\/a><\/div><\/div><div class=\"content-team\"><h4 class=\"title\"><a href=\"https:\/\/lovedogs.fr\/index.php\/our_team\/ora\/\">Ora<\/a><\/h4><div class = \"regency\">BERGER AUSTRALIEN & CHIEN M\u00c9DIATEUR EN FORMATION<\/div><\/div><\/div><div class=\"our-team-item\"><div class=\"our-team-image\"><a class=\"link-img\" href=\"https:\/\/lovedogs.fr\/index.php\/our_team\/aurelie-dubourdieu-canitherapeute\/\"><\/a> <img loading=\"lazy\" decoding=\"async\" src=\"https:\/\/lovedogs.fr\/wp-content\/uploads\/2015\/11\/Team-Aur\u00e9lie-200x200.png\" alt=\"Team-Aur\u00e9lie\" title=\"Team-Aur\u00e9lie\"  width=\"200\" height=\"200\"><div class=\"social-team\"><a target=\"_blank\" href=\"https:\/\/www.facebook.com\/lovedogs.fr\/\"><i class=\"fa fa-facebook\"><\/i><\/a><a target=\"_blank\" href=\"https:\/\/www.linkedin.com\/in\/aur%C3%A9lie-dubourdieu-741811159\/\"><i class=\"fa fa-linkedin\"><\/i><\/a><\/div><\/div><div class=\"content-team\"><h4 class=\"title\"><a href=\"https:\/\/lovedogs.fr\/index.php\/our_team\/aurelie-dubourdieu-canitherapeute\/\">Aur\u00e9lie Dubourdieu<\/a><\/h4><div class = \"regency\">Fondatrice & Intervenante en Zooth\u00e9rapie<\/div><\/div><\/div><div class=\"our-team-item\"><div class=\"our-team-image\"><a class=\"link-img\" href=\"https:\/\/lovedogs.fr\/index.php\/our_team\/nolo-chien-mediateur\/\"><\/a> <img loading=\"lazy\" decoding=\"async\" src=\"https:\/\/lovedogs.fr\/wp-content\/uploads\/2015\/11\/Team-Nolo-3-200x200.png\" alt=\"Team-Nolo-3\" title=\"Team-Nolo-3\"  width=\"200\" height=\"200\"><div class=\"social-team\"><a target=\"_blank\" href=\"https:\/\/www.facebook.com\/lovedogs.fr\/\"><i class=\"fa fa-facebook\"><\/i><\/a><\/div><\/div><div class=\"content-team\"><h4 class=\"title\"><a href=\"https:\/\/lovedogs.fr\/index.php\/our_team\/nolo-chien-mediateur\/\">Nolo<\/a><\/h4><div class = \"regency\">Crois\u00e9 Border Collie & Chien m\u00e9diateur dipl\u00f4m\u00e9<\/div><\/div><\/div><\/div><script type=\"text\/javascript\">jQuery(document).ready(function(){\"use strict\";jQuery(\".thim-carousel-wrapper\").each(function() {\n\t\t\t\tvar item_visible = jQuery(this).data(\"visible\") ? parseInt(\n\t\t\t\t\tjQuery(this).data(\"visible\")) : 4,\n\t\t\t\t\titem_desktopsmall = jQuery(this).data(\"desktopsmall\") ? parseInt(\n\t\t\t\t\t\tjQuery(this).data(\"desktopsmall\")) : item_visible,\n\t\t\t\t\titemsTablet = jQuery(this).data(\"itemtablet\") ? parseInt(\n\t\t\t\t\t\tjQuery(this).data(\"itemtablet\")) : 2,\n\t\t\t\t\titemsMobile = jQuery(this).data(\"itemmobile\") ? parseInt(\n\t\t\t\t\t\tjQuery(this).data(\"itemmobile\")) : 1,\n\t\t\t\t\tpagination = !!jQuery(this).data(\"pagination\"),\n\t\t\t\t\tnavigation = !!jQuery(this).data(\"navigation\"),\n\t\t\t\t\tautoplay = jQuery(this).data(\"autoplay\") ? parseInt(\n\t\t\t\t\t\tjQuery(this).data(\"autoplay\")) : false,\n\t\t\t\t\tnavigation_text = (jQuery(this).data(\"navigation-text\") &&\n\t\t\t\t\t\tjQuery(this).data(\"navigation-text\") === \"2\") ? [\n\t\t\t\t\t\t\"<i class=\\\"fa fa-long-arrow-left \\\"><\/i>\",\n\t\t\t\t\t\t\"<i class=\\\"fa fa-long-arrow-right \\\"><\/i>\",\n\t\t\t\t\t] : [\n\t\t\t\t\t\t\"<i class=\\\"fa fa-chevron-left \\\"><\/i>\",\n\t\t\t\t\t\t\"<i class=\\\"fa fa-chevron-right \\\"><\/i>\",\n\t\t\t\t\t];\n\n\t\t\t\tjQuery(this).owlCarousel({\n\t\t\t\t\titems            : item_visible,\n\t\t\t\t\titemsDesktop     : [1200, item_visible],\n\t\t\t\t\titemsDesktopSmall: [1024, item_desktopsmall],\n\t\t\t\t\titemsTablet      : [768, itemsTablet],\n\t\t\t\t\titemsMobile      : [480, itemsMobile],\n\t\t\t\t\tnavigation       : navigation,\n\t\t\t\t\tpagination       : pagination,\n\t\t\t\t\tlazyLoad         : true,\n\t\t\t\t\tautoPlay         : autoplay,\n\t\t\t\t\tnavigationText   : navigation_text\n\t\t\t\t});\n\t\t\t});});<\/script><\/div><\/div><\/div><div id=\"panel-2901-1-0-2\" class=\"so-panel widget widget_text panel-last-child\" data-index=\"6\" >\t\t\t<div class=\"textwidget\"><div class=\"thim-about-us-quote\">\n<p>\u201cLe lien qui peut s\u2019\u00e9tablir avec le chien m\u00e9diateur est profond et durable. Il sait montrer son affection et ne demande qu\u2019\u00e0 en recevoir.\u201d<\/p>\n<div class=\"agency\">Aur\u00e9lie Dubourdieu, Fondatrice de Love Dogs<\/div>\n<hr>\n<\/div><\/div>\n\t\t<\/div><\/div><\/div><div id=\"pg-2901-2\"  class=\"panel-grid panel-no-style\" ><div id=\"pgc-2901-2-0\"  class=\"panel-grid-cell\" ><div id=\"panel-2901-2-0-0\" class=\"so-panel widget widget_multiple-images panel-first-child\" data-index=\"7\" ><div class=\"thim-widget-multiple-images template-base\"><div class=\"thim-multiple-images-wrapper row\"><div class=\"col-sm-12\"><img src =\"https:\/\/lovedogs.fr\/wp-content\/uploads\/2018\/10\/20180426_175347-300x225.jpg\" width=\"300\"  height=\"225\" alt=\"\"\/><\/div><\/div><\/div><\/div><div id=\"panel-2901-2-0-1\" class=\"so-panel widget widget_empty-space panel-last-child\" data-index=\"8\" ><div class=\"thim-widget-empty-space template-base\"><div class=\"empty_space\" style=\"height:30px\"><\/div><\/div><\/div><\/div><div id=\"pgc-2901-2-1\"  class=\"panel-grid-cell\" ><div id=\"panel-2901-2-1-0\" class=\"so-panel widget widget_multiple-images panel-first-child\" data-index=\"9\" ><div class=\"thim-widget-multiple-images template-base\"><div class=\"thim-multiple-images-wrapper row\"><div class=\"col-sm-12\"><img src =\"https:\/\/lovedogs.fr\/wp-content\/uploads\/2018\/10\/20180422_171220-300x225.jpg\" width=\"300\"  height=\"225\" alt=\"\"\/><\/div><\/div><\/div><\/div><div id=\"panel-2901-2-1-1\" class=\"so-panel widget widget_empty-space panel-last-child\" data-index=\"10\" ><div class=\"thim-widget-empty-space template-base\"><div class=\"empty_space\" style=\"height:30px\"><\/div><\/div><\/div><\/div><div id=\"pgc-2901-2-2\"  class=\"panel-grid-cell\" ><div id=\"panel-2901-2-2-0\" class=\"so-panel widget widget_multiple-images panel-first-child\" data-index=\"11\" ><div class=\"thim-widget-multiple-images template-base\"><div class=\"thim-multiple-images-wrapper row\"><div class=\"col-sm-12\"><img src =\"https:\/\/lovedogs.fr\/wp-content\/uploads\/2018\/10\/20180426_174614-300x225.jpg\" width=\"300\"  height=\"225\" alt=\"\"\/><\/div><\/div><\/div><\/div><div id=\"panel-2901-2-2-1\" class=\"so-panel widget widget_empty-space panel-last-child\" data-index=\"12\" ><div class=\"thim-widget-empty-space template-base\"><div class=\"empty_space\" style=\"height:30px\"><\/div><\/div><\/div><\/div><div id=\"pgc-2901-2-3\"  class=\"panel-grid-cell\" ><div id=\"panel-2901-2-3-0\" class=\"so-panel widget widget_multiple-images panel-first-child\" data-index=\"13\" ><div class=\"thim-widget-multiple-images template-base\"><div class=\"thim-multiple-images-wrapper row\"><div class=\"col-sm-12\"><img src =\"https:\/\/lovedogs.fr\/wp-content\/uploads\/2018\/10\/20180426_181912-300x225.jpg\" width=\"300\"  height=\"225\" alt=\"\"\/><\/div><\/div><\/div><\/div><div id=\"panel-2901-2-3-1\" class=\"so-panel widget widget_empty-space panel-last-child\" data-index=\"14\" ><div class=\"thim-widget-empty-space template-base\"><div class=\"empty_space\" style=\"height:30px\"><\/div><\/div><\/div><\/div><\/div><\/div>","protected":false},"excerpt":{"rendered":"<p>Love Dogs, c&#8217;est quoi ? Love Dogs propose des services de m\u00e9diation qui utilisent le chien pour contribuer \u00e0 l\u2019am\u00e9lioration de la sant\u00e9 et de la qualit\u00e9 de vie des personnes. Nous \u00e9laborons et animons des s\u00e9ances de m\u00e9diation canine &hellip; <\/p>\n","protected":false},"author":1,"featured_media":0,"parent":0,"menu_order":0,"comment_status":"closed","ping_status":"closed","template":"","meta":{"_bbp_topic_count":0,"_bbp_reply_count":0,"_bbp_total_topic_count":0,"_bbp_total_reply_count":0,"_bbp_voice_count":0,"_bbp_anonymous_reply_count":0,"_bbp_topic_count_hidden":0,"_bbp_reply_count_hidden":0,"_bbp_forum_subforum_count":0,"pmpro_default_level":0,"footnotes":""},"_links":{"self":[{"href":"https:\/\/lovedogs.fr\/index.php\/wp-json\/wp\/v2\/pages\/2901"}],"collection":[{"href":"https:\/\/lovedogs.fr\/index.php\/wp-json\/wp\/v2\/pages"}],"about":[{"href":"https:\/\/lovedogs.fr\/index.php\/wp-json\/wp\/v2\/types\/page"}],"author":[{"embeddable":true,"href":"https:\/\/lovedogs.fr\/index.php\/wp-json\/wp\/v2\/users\/1"}],"replies":[{"embeddable":true,"href":"https:\/\/lovedogs.fr\/index.php\/wp-json\/wp\/v2\/comments?post=2901"}],"version-history":[{"count":65,"href":"https:\/\/lovedogs.fr\/index.php\/wp-json\/wp\/v2\/pages\/2901\/revisions"}],"predecessor-version":[{"id":8544,"href":"https:\/\/lovedogs.fr\/index.php\/wp-json\/wp\/v2\/pages\/2901\/revisions\/8544"}],"wp:attachment":[{"href":"https:\/\/lovedogs.fr\/index.php\/wp-json\/wp\/v2\/media?parent=2901"}],"curies":[{"name":"wp","href":"https:\/\/api.w.org\/{rel}","templated":true}]}}